{"id":909,"date":"2025-08-11T12:37:33","date_gmt":"2025-08-11T10:37:33","guid":{"rendered":"https:\/\/septimocielocordoba.com\/?post_type=product&#038;p=909"},"modified":"2026-05-14T20:24:50","modified_gmt":"2026-05-14T18:24:50","slug":"ariel","status":"publish","type":"product","link":"https:\/\/septimocielocordoba.com\/en\/m\/ariel\/","title":{"rendered":"Ariel"},"content":{"rendered":"<p class=\"p1\">Ariel is a brunette from C\u00f3rdoba who exudes femininity and sensuality with every movement. At 25 years old, 1.70 m tall, and with a natural size 38 figure, her body is pure harmony: a perfect bust, generous hips that invite embrace, and well-proportioned curves that seduce the eye and touch. Her vibrant turquoise eyes convey sweetness and sensuality.<\/p>\n<p class=\"p1\">With a sweet and calm nature, Ariel radiates a serene warmth that envelops you from the first moment. She is friendly, accommodating, and attentive, always striving to make you feel comfortable and cared for. Her few tattoos enhance, without distracting from, the pristine beauty of her skin.<\/p>\n<p class=\"p1\">In her hands, a massage becomes an immersive and profoundly sensual experience: slow caresses, gentle gazes, and a silent surrender that blends eroticism and calm. With Ariel, you&#039;ll discover an elegant and unhurried pleasure, perfect for those seeking authentic connection and intense sensations without haste.<\/p>","protected":false},"excerpt":{"rendered":"<p>Ariel es una morena cordobesa que destila feminidad y sensualidad en cada movimiento. Con 25 a\u00f1os, 1,70 m de estatura y una figura natural de talla 38, su cuerpo es pura armon\u00eda: pecho perfecto, caderas generosas que invitan al abrazo y curvas proporcionadas que seducen a la vista y al tacto. Su vibrante mirada turquesa [&hellip;]<\/p>\n","protected":false},"featured_media":1283,"comment_status":"open","ping_status":"closed","template":"","meta":{"_joinchat":[]},"product_brand":[],"product_cat":[78],"product_tag":[],"class_list":{"0":"post-909","1":"product","2":"type-product","3":"status-publish","4":"has-post-thumbnail","6":"product_cat-chicas","8":"first","9":"instock","10":"virtual","11":"product-type-simple"},"yoast_head":"<!-- This site is optimized with the Yoast SEO plugin v27.5 - https:\/\/yoast.com\/product\/yoast-seo-wordpress\/ -->\n<title>Ariel - Septimo Cielo<\/title>\n<meta name=\"robots\" content=\"index, follow, max-snippet:-1, max-image-preview:large, max-video-preview:-1\" \/>\n<link rel=\"canonical\" href=\"https:\/\/septimocielocordoba.com\/en\/m\/ariel\/\" \/>\n<meta property=\"og:locale\" content=\"en_US\" \/>\n<meta property=\"og:type\" content=\"article\" \/>\n<meta property=\"og:title\" content=\"Ariel - Septimo Cielo\" \/>\n<meta property=\"og:description\" content=\"Ariel es una morena cordobesa que destila feminidad y sensualidad en cada movimiento. Con 25 a\u00f1os, 1,70 m de estatura y una figura natural de talla 38, su cuerpo es pura armon\u00eda: pecho perfecto, caderas generosas que invitan al abrazo y curvas proporcionadas que seducen a la vista y al tacto. Su vibrante mirada turquesa [&hellip;]\" \/>\n<meta property=\"og:url\" content=\"https:\/\/septimocielocordoba.com\/en\/m\/ariel\/\" \/>\n<meta property=\"og:site_name\" content=\"Septimo Cielo\" \/>\n<meta property=\"article:modified_time\" content=\"2026-05-14T18:24:50+00:00\" \/>\n<meta property=\"og:image\" content=\"https:\/\/septimocielocordoba.com\/wp-content\/uploads\/2025\/08\/principal-Ariel.jpg\" \/>\n\t<meta property=\"og:image:width\" content=\"988\" \/>\n\t<meta property=\"og:image:height\" content=\"1400\" \/>\n\t<meta property=\"og:image:type\" content=\"image\/jpeg\" \/>\n<meta name=\"twitter:card\" content=\"summary_large_image\" \/>\n<meta name=\"twitter:label1\" content=\"Est. reading time\" \/>\n\t<meta name=\"twitter:data1\" content=\"1 minute\" \/>\n<script type=\"application\/ld+json\" class=\"yoast-schema-graph\">{\"@context\":\"https:\\\/\\\/schema.org\",\"@graph\":[{\"@type\":\"WebPage\",\"@id\":\"https:\\\/\\\/septimocielocordoba.com\\\/m\\\/ariel\\\/\",\"url\":\"https:\\\/\\\/septimocielocordoba.com\\\/m\\\/ariel\\\/\",\"name\":\"Ariel - Septimo Cielo\",\"isPartOf\":{\"@id\":\"https:\\\/\\\/septimocielocordoba.com\\\/#website\"},\"primaryImageOfPage\":{\"@id\":\"https:\\\/\\\/septimocielocordoba.com\\\/m\\\/ariel\\\/#primaryimage\"},\"image\":{\"@id\":\"https:\\\/\\\/septimocielocordoba.com\\\/m\\\/ariel\\\/#primaryimage\"},\"thumbnailUrl\":\"https:\\\/\\\/septimocielocordoba.com\\\/wp-content\\\/uploads\\\/2025\\\/08\\\/principal-Ariel.jpg\",\"datePublished\":\"2025-08-11T10:37:33+00:00\",\"dateModified\":\"2026-05-14T18:24:50+00:00\",\"breadcrumb\":{\"@id\":\"https:\\\/\\\/septimocielocordoba.com\\\/m\\\/ariel\\\/#breadcrumb\"},\"inLanguage\":\"en-US\",\"potentialAction\":[{\"@type\":\"ReadAction\",\"target\":[\"https:\\\/\\\/septimocielocordoba.com\\\/m\\\/ariel\\\/\"]}]},{\"@type\":\"ImageObject\",\"inLanguage\":\"en-US\",\"@id\":\"https:\\\/\\\/septimocielocordoba.com\\\/m\\\/ariel\\\/#primaryimage\",\"url\":\"https:\\\/\\\/septimocielocordoba.com\\\/wp-content\\\/uploads\\\/2025\\\/08\\\/principal-Ariel.jpg\",\"contentUrl\":\"https:\\\/\\\/septimocielocordoba.com\\\/wp-content\\\/uploads\\\/2025\\\/08\\\/principal-Ariel.jpg\",\"width\":988,\"height\":1400},{\"@type\":\"BreadcrumbList\",\"@id\":\"https:\\\/\\\/septimocielocordoba.com\\\/m\\\/ariel\\\/#breadcrumb\",\"itemListElement\":[{\"@type\":\"ListItem\",\"position\":1,\"name\":\"Portada\",\"item\":\"https:\\\/\\\/septimocielocordoba.com\\\/\"},{\"@type\":\"ListItem\",\"position\":2,\"name\":\"S\u00e9ptimo Cielo &#8211; Masajes Er\u00f3ticos en C\u00f3rdoba\",\"item\":\"https:\\\/\\\/septimocielocordoba.com\\\/\"},{\"@type\":\"ListItem\",\"position\":3,\"name\":\"Ariel\"}]},{\"@type\":\"WebSite\",\"@id\":\"https:\\\/\\\/septimocielocordoba.com\\\/#website\",\"url\":\"https:\\\/\\\/septimocielocordoba.com\\\/\",\"name\":\"Septimo Cielo\",\"description\":\"Masajes er\u00f3ticos en C\u00f3rdoba\",\"publisher\":{\"@id\":\"https:\\\/\\\/septimocielocordoba.com\\\/#organization\"},\"potentialAction\":[{\"@type\":\"SearchAction\",\"target\":{\"@type\":\"EntryPoint\",\"urlTemplate\":\"https:\\\/\\\/septimocielocordoba.com\\\/?s={search_term_string}\"},\"query-input\":{\"@type\":\"PropertyValueSpecification\",\"valueRequired\":true,\"valueName\":\"search_term_string\"}}],\"inLanguage\":\"en-US\"},{\"@type\":\"Organization\",\"@id\":\"https:\\\/\\\/septimocielocordoba.com\\\/#organization\",\"name\":\"Septimo Cielo\",\"url\":\"https:\\\/\\\/septimocielocordoba.com\\\/\",\"logo\":{\"@type\":\"ImageObject\",\"inLanguage\":\"en-US\",\"@id\":\"https:\\\/\\\/septimocielocordoba.com\\\/#\\\/schema\\\/logo\\\/image\\\/\",\"url\":\"https:\\\/\\\/septimocielocordoba.com\\\/wp-content\\\/uploads\\\/2025\\\/03\\\/7icon.png\",\"contentUrl\":\"https:\\\/\\\/septimocielocordoba.com\\\/wp-content\\\/uploads\\\/2025\\\/03\\\/7icon.png\",\"width\":300,\"height\":300,\"caption\":\"Septimo Cielo\"},\"image\":{\"@id\":\"https:\\\/\\\/septimocielocordoba.com\\\/#\\\/schema\\\/logo\\\/image\\\/\"}}]}<\/script>\n<!-- \/ Yoast SEO plugin. -->","yoast_head_json":{"title":"Ariel - Septimo Cielo","robots":{"index":"index","follow":"follow","max-snippet":"max-snippet:-1","max-image-preview":"max-image-preview:large","max-video-preview":"max-video-preview:-1"},"canonical":"https:\/\/septimocielocordoba.com\/en\/m\/ariel\/","og_locale":"en_US","og_type":"article","og_title":"Ariel - Septimo Cielo","og_description":"Ariel es una morena cordobesa que destila feminidad y sensualidad en cada movimiento. Con 25 a\u00f1os, 1,70 m de estatura y una figura natural de talla 38, su cuerpo es pura armon\u00eda: pecho perfecto, caderas generosas que invitan al abrazo y curvas proporcionadas que seducen a la vista y al tacto. Su vibrante mirada turquesa [&hellip;]","og_url":"https:\/\/septimocielocordoba.com\/en\/m\/ariel\/","og_site_name":"Septimo Cielo","article_modified_time":"2026-05-14T18:24:50+00:00","og_image":[{"width":988,"height":1400,"url":"https:\/\/septimocielocordoba.com\/wp-content\/uploads\/2025\/08\/principal-Ariel.jpg","type":"image\/jpeg"}],"twitter_card":"summary_large_image","twitter_misc":{"Est. reading time":"1 minute"},"schema":{"@context":"https:\/\/schema.org","@graph":[{"@type":"WebPage","@id":"https:\/\/septimocielocordoba.com\/m\/ariel\/","url":"https:\/\/septimocielocordoba.com\/m\/ariel\/","name":"Ariel - Septimo Cielo","isPartOf":{"@id":"https:\/\/septimocielocordoba.com\/#website"},"primaryImageOfPage":{"@id":"https:\/\/septimocielocordoba.com\/m\/ariel\/#primaryimage"},"image":{"@id":"https:\/\/septimocielocordoba.com\/m\/ariel\/#primaryimage"},"thumbnailUrl":"https:\/\/septimocielocordoba.com\/wp-content\/uploads\/2025\/08\/principal-Ariel.jpg","datePublished":"2025-08-11T10:37:33+00:00","dateModified":"2026-05-14T18:24:50+00:00","breadcrumb":{"@id":"https:\/\/septimocielocordoba.com\/m\/ariel\/#breadcrumb"},"inLanguage":"en-US","potentialAction":[{"@type":"ReadAction","target":["https:\/\/septimocielocordoba.com\/m\/ariel\/"]}]},{"@type":"ImageObject","inLanguage":"en-US","@id":"https:\/\/septimocielocordoba.com\/m\/ariel\/#primaryimage","url":"https:\/\/septimocielocordoba.com\/wp-content\/uploads\/2025\/08\/principal-Ariel.jpg","contentUrl":"https:\/\/septimocielocordoba.com\/wp-content\/uploads\/2025\/08\/principal-Ariel.jpg","width":988,"height":1400},{"@type":"BreadcrumbList","@id":"https:\/\/septimocielocordoba.com\/m\/ariel\/#breadcrumb","itemListElement":[{"@type":"ListItem","position":1,"name":"Portada","item":"https:\/\/septimocielocordoba.com\/"},{"@type":"ListItem","position":2,"name":"S\u00e9ptimo Cielo &#8211; Masajes Er\u00f3ticos en C\u00f3rdoba","item":"https:\/\/septimocielocordoba.com\/"},{"@type":"ListItem","position":3,"name":"Ariel"}]},{"@type":"WebSite","@id":"https:\/\/septimocielocordoba.com\/#website","url":"https:\/\/septimocielocordoba.com\/","name":"Seventh heaven","description":"Erotic massages in C\u00f3rdoba","publisher":{"@id":"https:\/\/septimocielocordoba.com\/#organization"},"potentialAction":[{"@type":"SearchAction","target":{"@type":"EntryPoint","urlTemplate":"https:\/\/septimocielocordoba.com\/?s={search_term_string}"},"query-input":{"@type":"PropertyValueSpecification","valueRequired":true,"valueName":"search_term_string"}}],"inLanguage":"en-US"},{"@type":"Organization","@id":"https:\/\/septimocielocordoba.com\/#organization","name":"Seventh heaven","url":"https:\/\/septimocielocordoba.com\/","logo":{"@type":"ImageObject","inLanguage":"en-US","@id":"https:\/\/septimocielocordoba.com\/#\/schema\/logo\/image\/","url":"https:\/\/septimocielocordoba.com\/wp-content\/uploads\/2025\/03\/7icon.png","contentUrl":"https:\/\/septimocielocordoba.com\/wp-content\/uploads\/2025\/03\/7icon.png","width":300,"height":300,"caption":"Septimo Cielo"},"image":{"@id":"https:\/\/septimocielocordoba.com\/#\/schema\/logo\/image\/"}}]}},"_links":{"self":[{"href":"https:\/\/septimocielocordoba.com\/en\/wp-json\/wp\/v2\/product\/909","targetHints":{"allow":["GET"]}}],"collection":[{"href":"https:\/\/septimocielocordoba.com\/en\/wp-json\/wp\/v2\/product"}],"about":[{"href":"https:\/\/septimocielocordoba.com\/en\/wp-json\/wp\/v2\/types\/product"}],"replies":[{"embeddable":true,"href":"https:\/\/septimocielocordoba.com\/en\/wp-json\/wp\/v2\/comments?post=909"}],"version-history":[{"count":7,"href":"https:\/\/septimocielocordoba.com\/en\/wp-json\/wp\/v2\/product\/909\/revisions"}],"predecessor-version":[{"id":1101,"href":"https:\/\/septimocielocordoba.com\/en\/wp-json\/wp\/v2\/product\/909\/revisions\/1101"}],"wp:featuredmedia":[{"embeddable":true,"href":"https:\/\/septimocielocordoba.com\/en\/wp-json\/wp\/v2\/media\/1283"}],"wp:attachment":[{"href":"https:\/\/septimocielocordoba.com\/en\/wp-json\/wp\/v2\/media?parent=909"}],"wp:term":[{"taxonomy":"product_brand","embeddable":true,"href":"https:\/\/septimocielocordoba.com\/en\/wp-json\/wp\/v2\/product_brand?post=909"},{"taxonomy":"product_cat","embeddable":true,"href":"https:\/\/septimocielocordoba.com\/en\/wp-json\/wp\/v2\/product_cat?post=909"},{"taxonomy":"product_tag","embeddable":true,"href":"https:\/\/septimocielocordoba.com\/en\/wp-json\/wp\/v2\/product_tag?post=909"}],"curies":[{"name":"wp","href":"https:\/\/api.w.org\/{rel}","templated":true}]}}