{"id":809,"date":"2025-06-16T17:15:19","date_gmt":"2025-06-16T15:15:19","guid":{"rendered":"https:\/\/septimocielocordoba.com\/?post_type=product&#038;p=809"},"modified":"2026-03-30T23:33:58","modified_gmt":"2026-03-30T21:33:58","slug":"lucia","status":"publish","type":"product","link":"https:\/\/septimocielocordoba.com\/en\/m\/lucia\/","title":{"rendered":"Luc\u00eda"},"content":{"rendered":"<p class=\"p1\">Luc\u00eda es pura tentaci\u00f3n cordobesa, con una figura que deslumbra al primer vistazo. Su piel bronceada solo es el lienzo inicial: su cuerpo se adorna con tatuajes que realzan sus curvas femeninas, trazando una historia de deseo. Su exuberante pecho roba protagonismo y despierta miradas, mientras su hermoso rostro , enmarcado por una melena morena largu\u00edsima, irradia confianza y sofisticaci\u00f3n. Sus enormes ojos brillantes y labios carnosos son el im\u00e1n que te invita a perderte.<\/p>\n<p class=\"p1\">Divertida, cercana y p\u00edcara, Luc\u00eda sabe encender el ambiente con destreza. Su sensualidad fluye con naturalidad y cada masaje suyo es un regalo de erotismo y placer. En su compa\u00f1\u00eda descubrir\u00e1s una mezcla perfecta de confianza, complicidad y excitaci\u00f3n. Una experiencia inolvidable llena de intensidad y juego, pensada para los que valoran la mezcla entre soltura divertida y entrega apasionada.<\/p>","protected":false},"excerpt":{"rendered":"<p>Luc\u00eda es pura tentaci\u00f3n cordobesa, con una figura que deslumbra al primer vistazo. Su piel bronceada solo es el lienzo inicial: su cuerpo se adorna con tatuajes que realzan sus curvas femeninas, trazando una historia de deseo. Su exuberante pecho roba protagonismo y despierta miradas, mientras su hermoso rostro , enmarcado por una melena morena [&hellip;]<\/p>","protected":false},"featured_media":1357,"comment_status":"open","ping_status":"closed","template":"","meta":{"_joinchat":[]},"product_brand":[],"product_cat":[78,83],"product_tag":[],"class_list":{"0":"post-809","1":"product","2":"type-product","3":"status-publish","4":"has-post-thumbnail","6":"product_cat-chicas","7":"product_cat-novedades","9":"first","10":"instock","11":"shipping-taxable","12":"product-type-simple"},"yoast_head":"<!-- This site is optimized with the Yoast SEO plugin v26.8 - https:\/\/yoast.com\/product\/yoast-seo-wordpress\/ -->\n<title>Luc\u00eda - Septimo Cielo<\/title>\n<meta name=\"robots\" content=\"index, follow, max-snippet:-1, max-image-preview:large, max-video-preview:-1\" \/>\n<link rel=\"canonical\" href=\"https:\/\/septimocielocordoba.com\/en\/m\/lucia\/\" \/>\n<meta property=\"og:locale\" content=\"en_US\" \/>\n<meta property=\"og:type\" content=\"article\" \/>\n<meta property=\"og:title\" content=\"Luc\u00eda - Septimo Cielo\" \/>\n<meta property=\"og:description\" content=\"Luc\u00eda es pura tentaci\u00f3n cordobesa, con una figura que deslumbra al primer vistazo. Su piel bronceada solo es el lienzo inicial: su cuerpo se adorna con tatuajes que realzan sus curvas femeninas, trazando una historia de deseo. Su exuberante pecho roba protagonismo y despierta miradas, mientras su hermoso rostro , enmarcado por una melena morena [&hellip;]\" \/>\n<meta property=\"og:url\" content=\"https:\/\/septimocielocordoba.com\/en\/m\/lucia\/\" \/>\n<meta property=\"og:site_name\" content=\"Septimo Cielo\" \/>\n<meta property=\"article:modified_time\" content=\"2026-03-30T21:33:58+00:00\" \/>\n<meta property=\"og:image\" content=\"https:\/\/septimocielocordoba.com\/wp-content\/uploads\/2025\/06\/Lucia-p2.jpg\" \/>\n\t<meta property=\"og:image:width\" content=\"988\" \/>\n\t<meta property=\"og:image:height\" content=\"1400\" \/>\n\t<meta property=\"og:image:type\" content=\"image\/jpeg\" \/>\n<meta name=\"twitter:card\" content=\"summary_large_image\" \/>\n<meta name=\"twitter:label1\" content=\"Est. reading time\" \/>\n\t<meta name=\"twitter:data1\" content=\"1 minute\" \/>\n<script type=\"application\/ld+json\" class=\"yoast-schema-graph\">{\"@context\":\"https:\/\/schema.org\",\"@graph\":[{\"@type\":\"WebPage\",\"@id\":\"https:\/\/septimocielocordoba.com\/m\/lucia\/\",\"url\":\"https:\/\/septimocielocordoba.com\/m\/lucia\/\",\"name\":\"Luc\u00eda - Septimo Cielo\",\"isPartOf\":{\"@id\":\"https:\/\/septimocielocordoba.com\/#website\"},\"primaryImageOfPage\":{\"@id\":\"https:\/\/septimocielocordoba.com\/m\/lucia\/#primaryimage\"},\"image\":{\"@id\":\"https:\/\/septimocielocordoba.com\/m\/lucia\/#primaryimage\"},\"thumbnailUrl\":\"https:\/\/septimocielocordoba.com\/wp-content\/uploads\/2025\/06\/Lucia-p2.jpg\",\"datePublished\":\"2025-06-16T15:15:19+00:00\",\"dateModified\":\"2026-03-30T21:33:58+00:00\",\"breadcrumb\":{\"@id\":\"https:\/\/septimocielocordoba.com\/m\/lucia\/#breadcrumb\"},\"inLanguage\":\"en-US\",\"potentialAction\":[{\"@type\":\"ReadAction\",\"target\":[\"https:\/\/septimocielocordoba.com\/m\/lucia\/\"]}]},{\"@type\":\"ImageObject\",\"inLanguage\":\"en-US\",\"@id\":\"https:\/\/septimocielocordoba.com\/m\/lucia\/#primaryimage\",\"url\":\"https:\/\/septimocielocordoba.com\/wp-content\/uploads\/2025\/06\/Lucia-p2.jpg\",\"contentUrl\":\"https:\/\/septimocielocordoba.com\/wp-content\/uploads\/2025\/06\/Lucia-p2.jpg\",\"width\":988,\"height\":1400},{\"@type\":\"BreadcrumbList\",\"@id\":\"https:\/\/septimocielocordoba.com\/m\/lucia\/#breadcrumb\",\"itemListElement\":[{\"@type\":\"ListItem\",\"position\":1,\"name\":\"Portada\",\"item\":\"https:\/\/septimocielocordoba.com\/\"},{\"@type\":\"ListItem\",\"position\":2,\"name\":\"S\u00e9ptimo Cielo &#8211; Masajes Er\u00f3ticos en C\u00f3rdoba\",\"item\":\"https:\/\/septimocielocordoba.com\/\"},{\"@type\":\"ListItem\",\"position\":3,\"name\":\"Luc\u00eda\"}]},{\"@type\":\"WebSite\",\"@id\":\"https:\/\/septimocielocordoba.com\/#website\",\"url\":\"https:\/\/septimocielocordoba.com\/\",\"name\":\"Septimo Cielo\",\"description\":\"Masajes er\u00f3ticos en C\u00f3rdoba\",\"publisher\":{\"@id\":\"https:\/\/septimocielocordoba.com\/#organization\"},\"potentialAction\":[{\"@type\":\"SearchAction\",\"target\":{\"@type\":\"EntryPoint\",\"urlTemplate\":\"https:\/\/septimocielocordoba.com\/?s={search_term_string}\"},\"query-input\":{\"@type\":\"PropertyValueSpecification\",\"valueRequired\":true,\"valueName\":\"search_term_string\"}}],\"inLanguage\":\"en-US\"},{\"@type\":\"Organization\",\"@id\":\"https:\/\/septimocielocordoba.com\/#organization\",\"name\":\"Septimo Cielo\",\"url\":\"https:\/\/septimocielocordoba.com\/\",\"logo\":{\"@type\":\"ImageObject\",\"inLanguage\":\"en-US\",\"@id\":\"https:\/\/septimocielocordoba.com\/#\/schema\/logo\/image\/\",\"url\":\"https:\/\/septimocielocordoba.com\/wp-content\/uploads\/2025\/03\/7icon.png\",\"contentUrl\":\"https:\/\/septimocielocordoba.com\/wp-content\/uploads\/2025\/03\/7icon.png\",\"width\":300,\"height\":300,\"caption\":\"Septimo Cielo\"},\"image\":{\"@id\":\"https:\/\/septimocielocordoba.com\/#\/schema\/logo\/image\/\"}}]}<\/script>\n<!-- \/ Yoast SEO plugin. -->","yoast_head_json":{"title":"Luc\u00eda - Septimo Cielo","robots":{"index":"index","follow":"follow","max-snippet":"max-snippet:-1","max-image-preview":"max-image-preview:large","max-video-preview":"max-video-preview:-1"},"canonical":"https:\/\/septimocielocordoba.com\/en\/m\/lucia\/","og_locale":"en_US","og_type":"article","og_title":"Luc\u00eda - Septimo Cielo","og_description":"Luc\u00eda es pura tentaci\u00f3n cordobesa, con una figura que deslumbra al primer vistazo. Su piel bronceada solo es el lienzo inicial: su cuerpo se adorna con tatuajes que realzan sus curvas femeninas, trazando una historia de deseo. Su exuberante pecho roba protagonismo y despierta miradas, mientras su hermoso rostro , enmarcado por una melena morena [&hellip;]","og_url":"https:\/\/septimocielocordoba.com\/en\/m\/lucia\/","og_site_name":"Septimo Cielo","article_modified_time":"2026-03-30T21:33:58+00:00","og_image":[{"width":988,"height":1400,"url":"https:\/\/septimocielocordoba.com\/wp-content\/uploads\/2025\/06\/Lucia-p2.jpg","type":"image\/jpeg"}],"twitter_card":"summary_large_image","twitter_misc":{"Est. reading time":"1 minute"},"schema":{"@context":"https:\/\/schema.org","@graph":[{"@type":"WebPage","@id":"https:\/\/septimocielocordoba.com\/m\/lucia\/","url":"https:\/\/septimocielocordoba.com\/m\/lucia\/","name":"Luc\u00eda - Septimo Cielo","isPartOf":{"@id":"https:\/\/septimocielocordoba.com\/#website"},"primaryImageOfPage":{"@id":"https:\/\/septimocielocordoba.com\/m\/lucia\/#primaryimage"},"image":{"@id":"https:\/\/septimocielocordoba.com\/m\/lucia\/#primaryimage"},"thumbnailUrl":"https:\/\/septimocielocordoba.com\/wp-content\/uploads\/2025\/06\/Lucia-p2.jpg","datePublished":"2025-06-16T15:15:19+00:00","dateModified":"2026-03-30T21:33:58+00:00","breadcrumb":{"@id":"https:\/\/septimocielocordoba.com\/m\/lucia\/#breadcrumb"},"inLanguage":"en-US","potentialAction":[{"@type":"ReadAction","target":["https:\/\/septimocielocordoba.com\/m\/lucia\/"]}]},{"@type":"ImageObject","inLanguage":"en-US","@id":"https:\/\/septimocielocordoba.com\/m\/lucia\/#primaryimage","url":"https:\/\/septimocielocordoba.com\/wp-content\/uploads\/2025\/06\/Lucia-p2.jpg","contentUrl":"https:\/\/septimocielocordoba.com\/wp-content\/uploads\/2025\/06\/Lucia-p2.jpg","width":988,"height":1400},{"@type":"BreadcrumbList","@id":"https:\/\/septimocielocordoba.com\/m\/lucia\/#breadcrumb","itemListElement":[{"@type":"ListItem","position":1,"name":"Portada","item":"https:\/\/septimocielocordoba.com\/"},{"@type":"ListItem","position":2,"name":"S\u00e9ptimo Cielo &#8211; Masajes Er\u00f3ticos en C\u00f3rdoba","item":"https:\/\/septimocielocordoba.com\/"},{"@type":"ListItem","position":3,"name":"Luc\u00eda"}]},{"@type":"WebSite","@id":"https:\/\/septimocielocordoba.com\/#website","url":"https:\/\/septimocielocordoba.com\/","name":"Seventh heaven","description":"Erotic massages in C\u00f3rdoba","publisher":{"@id":"https:\/\/septimocielocordoba.com\/#organization"},"potentialAction":[{"@type":"SearchAction","target":{"@type":"EntryPoint","urlTemplate":"https:\/\/septimocielocordoba.com\/?s={search_term_string}"},"query-input":{"@type":"PropertyValueSpecification","valueRequired":true,"valueName":"search_term_string"}}],"inLanguage":"en-US"},{"@type":"Organization","@id":"https:\/\/septimocielocordoba.com\/#organization","name":"Seventh heaven","url":"https:\/\/septimocielocordoba.com\/","logo":{"@type":"ImageObject","inLanguage":"en-US","@id":"https:\/\/septimocielocordoba.com\/#\/schema\/logo\/image\/","url":"https:\/\/septimocielocordoba.com\/wp-content\/uploads\/2025\/03\/7icon.png","contentUrl":"https:\/\/septimocielocordoba.com\/wp-content\/uploads\/2025\/03\/7icon.png","width":300,"height":300,"caption":"Septimo Cielo"},"image":{"@id":"https:\/\/septimocielocordoba.com\/#\/schema\/logo\/image\/"}}]}},"_links":{"self":[{"href":"https:\/\/septimocielocordoba.com\/en\/wp-json\/wp\/v2\/product\/809","targetHints":{"allow":["GET"]}}],"collection":[{"href":"https:\/\/septimocielocordoba.com\/en\/wp-json\/wp\/v2\/product"}],"about":[{"href":"https:\/\/septimocielocordoba.com\/en\/wp-json\/wp\/v2\/types\/product"}],"replies":[{"embeddable":true,"href":"https:\/\/septimocielocordoba.com\/en\/wp-json\/wp\/v2\/comments?post=809"}],"version-history":[{"count":6,"href":"https:\/\/septimocielocordoba.com\/en\/wp-json\/wp\/v2\/product\/809\/revisions"}],"predecessor-version":[{"id":1065,"href":"https:\/\/septimocielocordoba.com\/en\/wp-json\/wp\/v2\/product\/809\/revisions\/1065"}],"wp:featuredmedia":[{"embeddable":true,"href":"https:\/\/septimocielocordoba.com\/en\/wp-json\/wp\/v2\/media\/1357"}],"wp:attachment":[{"href":"https:\/\/septimocielocordoba.com\/en\/wp-json\/wp\/v2\/media?parent=809"}],"wp:term":[{"taxonomy":"product_brand","embeddable":true,"href":"https:\/\/septimocielocordoba.com\/en\/wp-json\/wp\/v2\/product_brand?post=809"},{"taxonomy":"product_cat","embeddable":true,"href":"https:\/\/septimocielocordoba.com\/en\/wp-json\/wp\/v2\/product_cat?post=809"},{"taxonomy":"product_tag","embeddable":true,"href":"https:\/\/septimocielocordoba.com\/en\/wp-json\/wp\/v2\/product_tag?post=809"}],"curies":[{"name":"wp","href":"https:\/\/api.w.org\/{rel}","templated":true}]}}