{"id":721,"date":"2025-04-22T10:48:25","date_gmt":"2025-04-22T08:48:25","guid":{"rendered":"https:\/\/septimocielocordoba.com\/?post_type=product&#038;p=721"},"modified":"2026-05-15T11:13:01","modified_gmt":"2026-05-15T09:13:01","slug":"sandra","status":"publish","type":"product","link":"https:\/\/septimocielocordoba.com\/en\/m\/sandra\/","title":{"rendered":"Sandra"},"content":{"rendered":"<p class=\"p1\">Her soft, tan skin and the shine of her dark hair frame her naturally beautiful Andalusian features. Sandra exudes sensuality and charisma with every movement, enveloping you in an irresistible energy that captivates you from the very first moment. Her figure boasts provocative curves in all the right places. Her natural, firm, and full breasts invite pampering, while her long, sculpted legs embrace you with desire. Beyond her seductive physical presence, she stands out as an exceptional masseuse, mastering both technique and sensuality in equal measure. Her open mind and warm, charming nature allow her to connect with you from the start, creating an intimate and completely trusting atmosphere. With each expert caress, she transforms the session into an experience as pleasurable as it is unforgettable. Sandra will make you feel the touch of her skin so that time stands still and you surrender to ecstasy without reservation.<\/p>","protected":false},"excerpt":{"rendered":"<p>Su piel canela suave y el brillo de su melena morena enmarcan unos rasgos andaluces de belleza natural. Sandra irradia sensualidad y carisma en cada movimiento, envolvi\u00e9ndote en una energ\u00eda simplemente irresistible que te cautiva desde el primer instante. Su figura luce curvas provocativas en los lugares precisos. Su pecho natural, firme y turgente invita [&hellip;]<\/p>\n","protected":false},"featured_media":1318,"comment_status":"open","ping_status":"closed","template":"","meta":{"_joinchat":[]},"product_brand":[],"product_cat":[78,83],"product_tag":[],"class_list":{"0":"post-721","1":"product","2":"type-product","3":"status-publish","4":"has-post-thumbnail","6":"product_cat-chicas","7":"product_cat-novedades","9":"first","10":"instock","11":"shipping-taxable","12":"product-type-simple"},"yoast_head":"<!-- This site is optimized with the Yoast SEO plugin v27.5 - https:\/\/yoast.com\/product\/yoast-seo-wordpress\/ -->\n<title>Sandra - Septimo Cielo<\/title>\n<meta name=\"robots\" content=\"index, follow, max-snippet:-1, max-image-preview:large, max-video-preview:-1\" \/>\n<link rel=\"canonical\" href=\"https:\/\/septimocielocordoba.com\/en\/m\/sandra\/\" \/>\n<meta property=\"og:locale\" content=\"en_US\" \/>\n<meta property=\"og:type\" content=\"article\" \/>\n<meta property=\"og:title\" content=\"Sandra - Septimo Cielo\" \/>\n<meta property=\"og:description\" content=\"Su piel canela suave y el brillo de su melena morena enmarcan unos rasgos andaluces de belleza natural. Sandra irradia sensualidad y carisma en cada movimiento, envolvi\u00e9ndote en una energ\u00eda simplemente irresistible que te cautiva desde el primer instante. Su figura luce curvas provocativas en los lugares precisos. Su pecho natural, firme y turgente invita [&hellip;]\" \/>\n<meta property=\"og:url\" content=\"https:\/\/septimocielocordoba.com\/en\/m\/sandra\/\" \/>\n<meta property=\"og:site_name\" content=\"Septimo Cielo\" \/>\n<meta property=\"article:modified_time\" content=\"2026-05-15T09:13:01+00:00\" \/>\n<meta property=\"og:image\" content=\"https:\/\/septimocielocordoba.com\/wp-content\/uploads\/2025\/04\/Sandra-p-1.jpg\" \/>\n\t<meta property=\"og:image:width\" content=\"988\" \/>\n\t<meta property=\"og:image:height\" content=\"1400\" \/>\n\t<meta property=\"og:image:type\" content=\"image\/jpeg\" \/>\n<meta name=\"twitter:card\" content=\"summary_large_image\" \/>\n<meta name=\"twitter:label1\" content=\"Est. reading time\" \/>\n\t<meta name=\"twitter:data1\" content=\"1 minute\" \/>\n<script type=\"application\/ld+json\" class=\"yoast-schema-graph\">{\"@context\":\"https:\\\/\\\/schema.org\",\"@graph\":[{\"@type\":\"WebPage\",\"@id\":\"https:\\\/\\\/septimocielocordoba.com\\\/m\\\/sandra\\\/\",\"url\":\"https:\\\/\\\/septimocielocordoba.com\\\/m\\\/sandra\\\/\",\"name\":\"Sandra - Septimo Cielo\",\"isPartOf\":{\"@id\":\"https:\\\/\\\/septimocielocordoba.com\\\/#website\"},\"primaryImageOfPage\":{\"@id\":\"https:\\\/\\\/septimocielocordoba.com\\\/m\\\/sandra\\\/#primaryimage\"},\"image\":{\"@id\":\"https:\\\/\\\/septimocielocordoba.com\\\/m\\\/sandra\\\/#primaryimage\"},\"thumbnailUrl\":\"https:\\\/\\\/septimocielocordoba.com\\\/wp-content\\\/uploads\\\/2025\\\/04\\\/Sandra-p-1.jpg\",\"datePublished\":\"2025-04-22T08:48:25+00:00\",\"dateModified\":\"2026-05-15T09:13:01+00:00\",\"breadcrumb\":{\"@id\":\"https:\\\/\\\/septimocielocordoba.com\\\/m\\\/sandra\\\/#breadcrumb\"},\"inLanguage\":\"en-US\",\"potentialAction\":[{\"@type\":\"ReadAction\",\"target\":[\"https:\\\/\\\/septimocielocordoba.com\\\/m\\\/sandra\\\/\"]}]},{\"@type\":\"ImageObject\",\"inLanguage\":\"en-US\",\"@id\":\"https:\\\/\\\/septimocielocordoba.com\\\/m\\\/sandra\\\/#primaryimage\",\"url\":\"https:\\\/\\\/septimocielocordoba.com\\\/wp-content\\\/uploads\\\/2025\\\/04\\\/Sandra-p-1.jpg\",\"contentUrl\":\"https:\\\/\\\/septimocielocordoba.com\\\/wp-content\\\/uploads\\\/2025\\\/04\\\/Sandra-p-1.jpg\",\"width\":988,\"height\":1400},{\"@type\":\"BreadcrumbList\",\"@id\":\"https:\\\/\\\/septimocielocordoba.com\\\/m\\\/sandra\\\/#breadcrumb\",\"itemListElement\":[{\"@type\":\"ListItem\",\"position\":1,\"name\":\"Portada\",\"item\":\"https:\\\/\\\/septimocielocordoba.com\\\/\"},{\"@type\":\"ListItem\",\"position\":2,\"name\":\"S\u00e9ptimo Cielo &#8211; Masajes Er\u00f3ticos en C\u00f3rdoba\",\"item\":\"https:\\\/\\\/septimocielocordoba.com\\\/\"},{\"@type\":\"ListItem\",\"position\":3,\"name\":\"Sandra\"}]},{\"@type\":\"WebSite\",\"@id\":\"https:\\\/\\\/septimocielocordoba.com\\\/#website\",\"url\":\"https:\\\/\\\/septimocielocordoba.com\\\/\",\"name\":\"Septimo Cielo\",\"description\":\"Masajes er\u00f3ticos en C\u00f3rdoba\",\"publisher\":{\"@id\":\"https:\\\/\\\/septimocielocordoba.com\\\/#organization\"},\"potentialAction\":[{\"@type\":\"SearchAction\",\"target\":{\"@type\":\"EntryPoint\",\"urlTemplate\":\"https:\\\/\\\/septimocielocordoba.com\\\/?s={search_term_string}\"},\"query-input\":{\"@type\":\"PropertyValueSpecification\",\"valueRequired\":true,\"valueName\":\"search_term_string\"}}],\"inLanguage\":\"en-US\"},{\"@type\":\"Organization\",\"@id\":\"https:\\\/\\\/septimocielocordoba.com\\\/#organization\",\"name\":\"Septimo Cielo\",\"url\":\"https:\\\/\\\/septimocielocordoba.com\\\/\",\"logo\":{\"@type\":\"ImageObject\",\"inLanguage\":\"en-US\",\"@id\":\"https:\\\/\\\/septimocielocordoba.com\\\/#\\\/schema\\\/logo\\\/image\\\/\",\"url\":\"https:\\\/\\\/septimocielocordoba.com\\\/wp-content\\\/uploads\\\/2025\\\/03\\\/7icon.png\",\"contentUrl\":\"https:\\\/\\\/septimocielocordoba.com\\\/wp-content\\\/uploads\\\/2025\\\/03\\\/7icon.png\",\"width\":300,\"height\":300,\"caption\":\"Septimo Cielo\"},\"image\":{\"@id\":\"https:\\\/\\\/septimocielocordoba.com\\\/#\\\/schema\\\/logo\\\/image\\\/\"}}]}<\/script>\n<!-- \/ Yoast SEO plugin. -->","yoast_head_json":{"title":"Sandra - Septimo Cielo","robots":{"index":"index","follow":"follow","max-snippet":"max-snippet:-1","max-image-preview":"max-image-preview:large","max-video-preview":"max-video-preview:-1"},"canonical":"https:\/\/septimocielocordoba.com\/en\/m\/sandra\/","og_locale":"en_US","og_type":"article","og_title":"Sandra - Septimo Cielo","og_description":"Su piel canela suave y el brillo de su melena morena enmarcan unos rasgos andaluces de belleza natural. Sandra irradia sensualidad y carisma en cada movimiento, envolvi\u00e9ndote en una energ\u00eda simplemente irresistible que te cautiva desde el primer instante. Su figura luce curvas provocativas en los lugares precisos. Su pecho natural, firme y turgente invita [&hellip;]","og_url":"https:\/\/septimocielocordoba.com\/en\/m\/sandra\/","og_site_name":"Septimo Cielo","article_modified_time":"2026-05-15T09:13:01+00:00","og_image":[{"width":988,"height":1400,"url":"https:\/\/septimocielocordoba.com\/wp-content\/uploads\/2025\/04\/Sandra-p-1.jpg","type":"image\/jpeg"}],"twitter_card":"summary_large_image","twitter_misc":{"Est. reading time":"1 minute"},"schema":{"@context":"https:\/\/schema.org","@graph":[{"@type":"WebPage","@id":"https:\/\/septimocielocordoba.com\/m\/sandra\/","url":"https:\/\/septimocielocordoba.com\/m\/sandra\/","name":"Sandra - Septimo Cielo","isPartOf":{"@id":"https:\/\/septimocielocordoba.com\/#website"},"primaryImageOfPage":{"@id":"https:\/\/septimocielocordoba.com\/m\/sandra\/#primaryimage"},"image":{"@id":"https:\/\/septimocielocordoba.com\/m\/sandra\/#primaryimage"},"thumbnailUrl":"https:\/\/septimocielocordoba.com\/wp-content\/uploads\/2025\/04\/Sandra-p-1.jpg","datePublished":"2025-04-22T08:48:25+00:00","dateModified":"2026-05-15T09:13:01+00:00","breadcrumb":{"@id":"https:\/\/septimocielocordoba.com\/m\/sandra\/#breadcrumb"},"inLanguage":"en-US","potentialAction":[{"@type":"ReadAction","target":["https:\/\/septimocielocordoba.com\/m\/sandra\/"]}]},{"@type":"ImageObject","inLanguage":"en-US","@id":"https:\/\/septimocielocordoba.com\/m\/sandra\/#primaryimage","url":"https:\/\/septimocielocordoba.com\/wp-content\/uploads\/2025\/04\/Sandra-p-1.jpg","contentUrl":"https:\/\/septimocielocordoba.com\/wp-content\/uploads\/2025\/04\/Sandra-p-1.jpg","width":988,"height":1400},{"@type":"BreadcrumbList","@id":"https:\/\/septimocielocordoba.com\/m\/sandra\/#breadcrumb","itemListElement":[{"@type":"ListItem","position":1,"name":"Portada","item":"https:\/\/septimocielocordoba.com\/"},{"@type":"ListItem","position":2,"name":"S\u00e9ptimo Cielo &#8211; Masajes Er\u00f3ticos en C\u00f3rdoba","item":"https:\/\/septimocielocordoba.com\/"},{"@type":"ListItem","position":3,"name":"Sandra"}]},{"@type":"WebSite","@id":"https:\/\/septimocielocordoba.com\/#website","url":"https:\/\/septimocielocordoba.com\/","name":"Seventh heaven","description":"Erotic massages in C\u00f3rdoba","publisher":{"@id":"https:\/\/septimocielocordoba.com\/#organization"},"potentialAction":[{"@type":"SearchAction","target":{"@type":"EntryPoint","urlTemplate":"https:\/\/septimocielocordoba.com\/?s={search_term_string}"},"query-input":{"@type":"PropertyValueSpecification","valueRequired":true,"valueName":"search_term_string"}}],"inLanguage":"en-US"},{"@type":"Organization","@id":"https:\/\/septimocielocordoba.com\/#organization","name":"Seventh heaven","url":"https:\/\/septimocielocordoba.com\/","logo":{"@type":"ImageObject","inLanguage":"en-US","@id":"https:\/\/septimocielocordoba.com\/#\/schema\/logo\/image\/","url":"https:\/\/septimocielocordoba.com\/wp-content\/uploads\/2025\/03\/7icon.png","contentUrl":"https:\/\/septimocielocordoba.com\/wp-content\/uploads\/2025\/03\/7icon.png","width":300,"height":300,"caption":"Septimo Cielo"},"image":{"@id":"https:\/\/septimocielocordoba.com\/#\/schema\/logo\/image\/"}}]}},"_links":{"self":[{"href":"https:\/\/septimocielocordoba.com\/en\/wp-json\/wp\/v2\/product\/721","targetHints":{"allow":["GET"]}}],"collection":[{"href":"https:\/\/septimocielocordoba.com\/en\/wp-json\/wp\/v2\/product"}],"about":[{"href":"https:\/\/septimocielocordoba.com\/en\/wp-json\/wp\/v2\/types\/product"}],"replies":[{"embeddable":true,"href":"https:\/\/septimocielocordoba.com\/en\/wp-json\/wp\/v2\/comments?post=721"}],"version-history":[{"count":6,"href":"https:\/\/septimocielocordoba.com\/en\/wp-json\/wp\/v2\/product\/721\/revisions"}],"predecessor-version":[{"id":828,"href":"https:\/\/septimocielocordoba.com\/en\/wp-json\/wp\/v2\/product\/721\/revisions\/828"}],"wp:featuredmedia":[{"embeddable":true,"href":"https:\/\/septimocielocordoba.com\/en\/wp-json\/wp\/v2\/media\/1318"}],"wp:attachment":[{"href":"https:\/\/septimocielocordoba.com\/en\/wp-json\/wp\/v2\/media?parent=721"}],"wp:term":[{"taxonomy":"product_brand","embeddable":true,"href":"https:\/\/septimocielocordoba.com\/en\/wp-json\/wp\/v2\/product_brand?post=721"},{"taxonomy":"product_cat","embeddable":true,"href":"https:\/\/septimocielocordoba.com\/en\/wp-json\/wp\/v2\/product_cat?post=721"},{"taxonomy":"product_tag","embeddable":true,"href":"https:\/\/septimocielocordoba.com\/en\/wp-json\/wp\/v2\/product_tag?post=721"}],"curies":[{"name":"wp","href":"https:\/\/api.w.org\/{rel}","templated":true}]}}