{"id":332,"date":"2025-03-12T00:06:35","date_gmt":"2025-03-12T00:06:35","guid":{"rendered":"https:\/\/test.spaceandbourbon.com\/7c\/?post_type=product&#038;p=332"},"modified":"2026-04-03T17:40:09","modified_gmt":"2026-04-03T15:40:09","slug":"duos-divinos","status":"publish","type":"product","link":"https:\/\/septimocielocordoba.com\/en\/m\/duos-divinos\/","title":{"rendered":"Divine Duos"},"content":{"rendered":"<p class=\"\" data-start=\"244\" data-end=\"465\"><strong data-start=\"244\" data-end=\"317\">\u00bfEst\u00e1s preparado para dejarte llevar por una fantas\u00eda hecha realidad?<\/strong><br data-start=\"317\" data-end=\"320\" \/>Descubre el masaje a cuatro manos: una experiencia exclusiva que trasciende el placer f\u00edsico para convertirse en un viaje \u00edntimo e inolvidable.<\/p>\n<p class=\"\" data-start=\"467\" data-end=\"708\">Imagina c\u00f3mo cuatro manos expertas recorren tu piel al comp\u00e1s de un ritmo sensual, envolvi\u00e9ndote en oleadas de calor, caricias y deseo. El aceite tibio desliza los cuerpos en una coreograf\u00eda perfecta donde t\u00fa eres el protagonista absoluto.<\/p>\n<p class=\"\" data-start=\"710\" data-end=\"913\"><em data-start=\"712\" data-end=\"742\">T\u00fa eliges qui\u00e9n te acompa\u00f1a.<\/em> Combina masajistas femeninas o mixtas seg\u00fan tu fantas\u00eda. Personaliza cada detalle y d\u00e9jate llevar por la magia de una atenci\u00f3n delicada, atenta y profundamente er\u00f3tica.<\/p>\n<p class=\"\" data-start=\"915\" data-end=\"1022\">Ideal para disfrutar en soledad\u2026 o en pareja. Porque hay placeres que se viven mejor cuando se comparten.<\/p>\n<p class=\"\" data-start=\"1024\" data-end=\"1117\"><em data-start=\"1027\" data-end=\"1115\">Prep\u00e1rate para perder la noci\u00f3n del tiempo.<\/em><\/p>","protected":false},"excerpt":{"rendered":"<p>\u00bfEst\u00e1s preparado para dejarte llevar por una fantas\u00eda hecha realidad?Descubre el masaje a cuatro manos: una experiencia exclusiva que trasciende el placer f\u00edsico para convertirse en un viaje \u00edntimo e inolvidable. Imagina c\u00f3mo cuatro manos expertas recorren tu piel al comp\u00e1s de un ritmo sensual, envolvi\u00e9ndote en oleadas de calor, caricias y deseo. El aceite [&hellip;]<\/p>","protected":false},"featured_media":554,"comment_status":"open","ping_status":"closed","template":"","meta":{"_joinchat":[]},"product_brand":[],"product_cat":[81],"product_tag":[],"class_list":{"0":"post-332","1":"product","2":"type-product","3":"status-publish","4":"has-post-thumbnail","6":"product_cat-otros","8":"first","9":"instock","10":"virtual","11":"product-type-simple"},"yoast_head":"<!-- This site is optimized with the Yoast SEO plugin v26.8 - https:\/\/yoast.com\/product\/yoast-seo-wordpress\/ -->\n<title>D\u00faos Divinos - Septimo Cielo<\/title>\n<meta name=\"robots\" content=\"index, follow, max-snippet:-1, max-image-preview:large, max-video-preview:-1\" \/>\n<link rel=\"canonical\" href=\"https:\/\/septimocielocordoba.com\/en\/m\/duos-divinos\/\" \/>\n<meta property=\"og:locale\" content=\"en_US\" \/>\n<meta property=\"og:type\" content=\"article\" \/>\n<meta property=\"og:title\" content=\"D\u00faos Divinos - Septimo Cielo\" \/>\n<meta property=\"og:description\" content=\"\u00bfEst\u00e1s preparado para dejarte llevar por una fantas\u00eda hecha realidad?Descubre el masaje a cuatro manos: una experiencia exclusiva que trasciende el placer f\u00edsico para convertirse en un viaje \u00edntimo e inolvidable. Imagina c\u00f3mo cuatro manos expertas recorren tu piel al comp\u00e1s de un ritmo sensual, envolvi\u00e9ndote en oleadas de calor, caricias y deseo. El aceite [&hellip;]\" \/>\n<meta property=\"og:url\" content=\"https:\/\/septimocielocordoba.com\/en\/m\/duos-divinos\/\" \/>\n<meta property=\"og:site_name\" content=\"Septimo Cielo\" \/>\n<meta property=\"article:modified_time\" content=\"2026-04-03T15:40:09+00:00\" \/>\n<meta property=\"og:image\" content=\"https:\/\/septimocielocordoba.com\/wp-content\/uploads\/2025\/03\/duos-trasera.png\" \/>\n\t<meta property=\"og:image:width\" content=\"844\" \/>\n\t<meta property=\"og:image:height\" content=\"1250\" \/>\n\t<meta property=\"og:image:type\" content=\"image\/png\" \/>\n<meta name=\"twitter:card\" content=\"summary_large_image\" \/>\n<meta name=\"twitter:label1\" content=\"Est. reading time\" \/>\n\t<meta name=\"twitter:data1\" content=\"1 minute\" \/>\n<script type=\"application\/ld+json\" class=\"yoast-schema-graph\">{\"@context\":\"https:\/\/schema.org\",\"@graph\":[{\"@type\":\"WebPage\",\"@id\":\"https:\/\/septimocielocordoba.com\/m\/duos-divinos\/\",\"url\":\"https:\/\/septimocielocordoba.com\/m\/duos-divinos\/\",\"name\":\"D\u00faos Divinos - Septimo Cielo\",\"isPartOf\":{\"@id\":\"https:\/\/septimocielocordoba.com\/#website\"},\"primaryImageOfPage\":{\"@id\":\"https:\/\/septimocielocordoba.com\/m\/duos-divinos\/#primaryimage\"},\"image\":{\"@id\":\"https:\/\/septimocielocordoba.com\/m\/duos-divinos\/#primaryimage\"},\"thumbnailUrl\":\"https:\/\/septimocielocordoba.com\/wp-content\/uploads\/2025\/03\/duos-trasera.png\",\"datePublished\":\"2025-03-12T00:06:35+00:00\",\"dateModified\":\"2026-04-03T15:40:09+00:00\",\"breadcrumb\":{\"@id\":\"https:\/\/septimocielocordoba.com\/m\/duos-divinos\/#breadcrumb\"},\"inLanguage\":\"en-US\",\"potentialAction\":[{\"@type\":\"ReadAction\",\"target\":[\"https:\/\/septimocielocordoba.com\/m\/duos-divinos\/\"]}]},{\"@type\":\"ImageObject\",\"inLanguage\":\"en-US\",\"@id\":\"https:\/\/septimocielocordoba.com\/m\/duos-divinos\/#primaryimage\",\"url\":\"https:\/\/septimocielocordoba.com\/wp-content\/uploads\/2025\/03\/duos-trasera.png\",\"contentUrl\":\"https:\/\/septimocielocordoba.com\/wp-content\/uploads\/2025\/03\/duos-trasera.png\",\"width\":844,\"height\":1250},{\"@type\":\"BreadcrumbList\",\"@id\":\"https:\/\/septimocielocordoba.com\/m\/duos-divinos\/#breadcrumb\",\"itemListElement\":[{\"@type\":\"ListItem\",\"position\":1,\"name\":\"Portada\",\"item\":\"https:\/\/septimocielocordoba.com\/\"},{\"@type\":\"ListItem\",\"position\":2,\"name\":\"S\u00e9ptimo Cielo &#8211; Masajes Er\u00f3ticos en C\u00f3rdoba\",\"item\":\"https:\/\/septimocielocordoba.com\/\"},{\"@type\":\"ListItem\",\"position\":3,\"name\":\"D\u00faos Divinos\"}]},{\"@type\":\"WebSite\",\"@id\":\"https:\/\/septimocielocordoba.com\/#website\",\"url\":\"https:\/\/septimocielocordoba.com\/\",\"name\":\"Septimo Cielo\",\"description\":\"Masajes er\u00f3ticos en C\u00f3rdoba\",\"publisher\":{\"@id\":\"https:\/\/septimocielocordoba.com\/#organization\"},\"potentialAction\":[{\"@type\":\"SearchAction\",\"target\":{\"@type\":\"EntryPoint\",\"urlTemplate\":\"https:\/\/septimocielocordoba.com\/?s={search_term_string}\"},\"query-input\":{\"@type\":\"PropertyValueSpecification\",\"valueRequired\":true,\"valueName\":\"search_term_string\"}}],\"inLanguage\":\"en-US\"},{\"@type\":\"Organization\",\"@id\":\"https:\/\/septimocielocordoba.com\/#organization\",\"name\":\"Septimo Cielo\",\"url\":\"https:\/\/septimocielocordoba.com\/\",\"logo\":{\"@type\":\"ImageObject\",\"inLanguage\":\"en-US\",\"@id\":\"https:\/\/septimocielocordoba.com\/#\/schema\/logo\/image\/\",\"url\":\"https:\/\/septimocielocordoba.com\/wp-content\/uploads\/2025\/03\/7icon.png\",\"contentUrl\":\"https:\/\/septimocielocordoba.com\/wp-content\/uploads\/2025\/03\/7icon.png\",\"width\":300,\"height\":300,\"caption\":\"Septimo Cielo\"},\"image\":{\"@id\":\"https:\/\/septimocielocordoba.com\/#\/schema\/logo\/image\/\"}}]}<\/script>\n<!-- \/ Yoast SEO plugin. -->","yoast_head_json":{"title":"D\u00faos Divinos - Septimo Cielo","robots":{"index":"index","follow":"follow","max-snippet":"max-snippet:-1","max-image-preview":"max-image-preview:large","max-video-preview":"max-video-preview:-1"},"canonical":"https:\/\/septimocielocordoba.com\/en\/m\/duos-divinos\/","og_locale":"en_US","og_type":"article","og_title":"D\u00faos Divinos - Septimo Cielo","og_description":"\u00bfEst\u00e1s preparado para dejarte llevar por una fantas\u00eda hecha realidad?Descubre el masaje a cuatro manos: una experiencia exclusiva que trasciende el placer f\u00edsico para convertirse en un viaje \u00edntimo e inolvidable. Imagina c\u00f3mo cuatro manos expertas recorren tu piel al comp\u00e1s de un ritmo sensual, envolvi\u00e9ndote en oleadas de calor, caricias y deseo. El aceite [&hellip;]","og_url":"https:\/\/septimocielocordoba.com\/en\/m\/duos-divinos\/","og_site_name":"Septimo Cielo","article_modified_time":"2026-04-03T15:40:09+00:00","og_image":[{"width":844,"height":1250,"url":"https:\/\/septimocielocordoba.com\/wp-content\/uploads\/2025\/03\/duos-trasera.png","type":"image\/png"}],"twitter_card":"summary_large_image","twitter_misc":{"Est. reading time":"1 minute"},"schema":{"@context":"https:\/\/schema.org","@graph":[{"@type":"WebPage","@id":"https:\/\/septimocielocordoba.com\/m\/duos-divinos\/","url":"https:\/\/septimocielocordoba.com\/m\/duos-divinos\/","name":"D\u00faos Divinos - Septimo Cielo","isPartOf":{"@id":"https:\/\/septimocielocordoba.com\/#website"},"primaryImageOfPage":{"@id":"https:\/\/septimocielocordoba.com\/m\/duos-divinos\/#primaryimage"},"image":{"@id":"https:\/\/septimocielocordoba.com\/m\/duos-divinos\/#primaryimage"},"thumbnailUrl":"https:\/\/septimocielocordoba.com\/wp-content\/uploads\/2025\/03\/duos-trasera.png","datePublished":"2025-03-12T00:06:35+00:00","dateModified":"2026-04-03T15:40:09+00:00","breadcrumb":{"@id":"https:\/\/septimocielocordoba.com\/m\/duos-divinos\/#breadcrumb"},"inLanguage":"en-US","potentialAction":[{"@type":"ReadAction","target":["https:\/\/septimocielocordoba.com\/m\/duos-divinos\/"]}]},{"@type":"ImageObject","inLanguage":"en-US","@id":"https:\/\/septimocielocordoba.com\/m\/duos-divinos\/#primaryimage","url":"https:\/\/septimocielocordoba.com\/wp-content\/uploads\/2025\/03\/duos-trasera.png","contentUrl":"https:\/\/septimocielocordoba.com\/wp-content\/uploads\/2025\/03\/duos-trasera.png","width":844,"height":1250},{"@type":"BreadcrumbList","@id":"https:\/\/septimocielocordoba.com\/m\/duos-divinos\/#breadcrumb","itemListElement":[{"@type":"ListItem","position":1,"name":"Portada","item":"https:\/\/septimocielocordoba.com\/"},{"@type":"ListItem","position":2,"name":"S\u00e9ptimo Cielo &#8211; Masajes Er\u00f3ticos en C\u00f3rdoba","item":"https:\/\/septimocielocordoba.com\/"},{"@type":"ListItem","position":3,"name":"D\u00faos Divinos"}]},{"@type":"WebSite","@id":"https:\/\/septimocielocordoba.com\/#website","url":"https:\/\/septimocielocordoba.com\/","name":"Seventh heaven","description":"Erotic massages in C\u00f3rdoba","publisher":{"@id":"https:\/\/septimocielocordoba.com\/#organization"},"potentialAction":[{"@type":"SearchAction","target":{"@type":"EntryPoint","urlTemplate":"https:\/\/septimocielocordoba.com\/?s={search_term_string}"},"query-input":{"@type":"PropertyValueSpecification","valueRequired":true,"valueName":"search_term_string"}}],"inLanguage":"en-US"},{"@type":"Organization","@id":"https:\/\/septimocielocordoba.com\/#organization","name":"Seventh heaven","url":"https:\/\/septimocielocordoba.com\/","logo":{"@type":"ImageObject","inLanguage":"en-US","@id":"https:\/\/septimocielocordoba.com\/#\/schema\/logo\/image\/","url":"https:\/\/septimocielocordoba.com\/wp-content\/uploads\/2025\/03\/7icon.png","contentUrl":"https:\/\/septimocielocordoba.com\/wp-content\/uploads\/2025\/03\/7icon.png","width":300,"height":300,"caption":"Septimo Cielo"},"image":{"@id":"https:\/\/septimocielocordoba.com\/#\/schema\/logo\/image\/"}}]}},"_links":{"self":[{"href":"https:\/\/septimocielocordoba.com\/en\/wp-json\/wp\/v2\/product\/332","targetHints":{"allow":["GET"]}}],"collection":[{"href":"https:\/\/septimocielocordoba.com\/en\/wp-json\/wp\/v2\/product"}],"about":[{"href":"https:\/\/septimocielocordoba.com\/en\/wp-json\/wp\/v2\/types\/product"}],"replies":[{"embeddable":true,"href":"https:\/\/septimocielocordoba.com\/en\/wp-json\/wp\/v2\/comments?post=332"}],"version-history":[{"count":3,"href":"https:\/\/septimocielocordoba.com\/en\/wp-json\/wp\/v2\/product\/332\/revisions"}],"predecessor-version":[{"id":782,"href":"https:\/\/septimocielocordoba.com\/en\/wp-json\/wp\/v2\/product\/332\/revisions\/782"}],"wp:featuredmedia":[{"embeddable":true,"href":"https:\/\/septimocielocordoba.com\/en\/wp-json\/wp\/v2\/media\/554"}],"wp:attachment":[{"href":"https:\/\/septimocielocordoba.com\/en\/wp-json\/wp\/v2\/media?parent=332"}],"wp:term":[{"taxonomy":"product_brand","embeddable":true,"href":"https:\/\/septimocielocordoba.com\/en\/wp-json\/wp\/v2\/product_brand?post=332"},{"taxonomy":"product_cat","embeddable":true,"href":"https:\/\/septimocielocordoba.com\/en\/wp-json\/wp\/v2\/product_cat?post=332"},{"taxonomy":"product_tag","embeddable":true,"href":"https:\/\/septimocielocordoba.com\/en\/wp-json\/wp\/v2\/product_tag?post=332"}],"curies":[{"name":"wp","href":"https:\/\/api.w.org\/{rel}","templated":true}]}}