{"id":321,"date":"2025-03-12T00:01:58","date_gmt":"2025-03-12T00:01:58","guid":{"rendered":"https:\/\/test.spaceandbourbon.com\/7c\/?post_type=product&#038;p=321"},"modified":"2026-04-26T13:26:59","modified_gmt":"2026-04-26T11:26:59","slug":"moises","status":"publish","type":"product","link":"https:\/\/septimocielocordoba.com\/en\/m\/moises\/","title":{"rendered":"Moses"},"content":{"rendered":"<p>Discover the true meaning of male erotic massage from the best masseur in C\u00f3rdoba.<br \/>\nProfessional, attentive, and dedicated, enjoy with him a toned and masculine physique generously endowed to satisfy. Mois\u00e9s begins the session with a warm smile and a sincere interest in understanding your desires, seeking to create an experience tailored to your preferences where the lines between relaxation and desire blur, and every moment is a masterpiece tailored for your maximum satisfaction. His hands navigate your body with an artistic touch, perfectly combining therapeutic techniques with erotic strokes to provoke a symphony of sensations and create an intimate and electrifying connection that goes beyond the ordinary.<br \/>\nSu maestr\u00eda no reside s\u00f3lo en lo f\u00edsico, sino tambi\u00e9n en la conexi\u00f3n emocional que fomenta brindando no solo un escape tentador sino tambi\u00e9n un espacio seguro para que abraces y celebres tu sexualidad. Disponible para hombres, mujeres y parejas que deseen disfrutar junto a \u00e9l de un momento de placentero relax inolvidable.<\/p>","protected":false},"excerpt":{"rendered":"<p>Conoce el aut\u00e9ntico significado del masaje er\u00f3tico masculino en manos del mejor masajista de C\u00f3rdoba. Profesional, atento y entregado disfruta junto a \u00e9l de un tonificado y masculino f\u00edsico generosamente dotado para satisfacer. Mois\u00e9s comienza la sesi\u00f3n con una c\u00e1lida sonrisa y un sincero inter\u00e9s en comprender tus deseos, buscando crear una experiencia adaptada a [&hellip;]<\/p>\n","protected":false},"featured_media":322,"comment_status":"open","ping_status":"closed","template":"","meta":{"_joinchat":[]},"product_brand":[],"product_cat":[79],"product_tag":[],"class_list":{"0":"post-321","1":"product","2":"type-product","3":"status-publish","4":"has-post-thumbnail","6":"product_cat-chicos","8":"first","9":"instock","10":"virtual","11":"product-type-simple"},"yoast_head":"<!-- This site is optimized with the Yoast SEO plugin v27.5 - https:\/\/yoast.com\/product\/yoast-seo-wordpress\/ -->\n<title>Mois\u00e9s - Septimo Cielo<\/title>\n<meta name=\"robots\" content=\"index, follow, max-snippet:-1, max-image-preview:large, max-video-preview:-1\" \/>\n<link rel=\"canonical\" href=\"https:\/\/septimocielocordoba.com\/en\/m\/moises\/\" \/>\n<meta property=\"og:locale\" content=\"en_US\" \/>\n<meta property=\"og:type\" content=\"article\" \/>\n<meta property=\"og:title\" content=\"Mois\u00e9s - Septimo Cielo\" \/>\n<meta property=\"og:description\" content=\"Conoce el aut\u00e9ntico significado del masaje er\u00f3tico masculino en manos del mejor masajista de C\u00f3rdoba. Profesional, atento y entregado disfruta junto a \u00e9l de un tonificado y masculino f\u00edsico generosamente dotado para satisfacer. Mois\u00e9s comienza la sesi\u00f3n con una c\u00e1lida sonrisa y un sincero inter\u00e9s en comprender tus deseos, buscando crear una experiencia adaptada a [&hellip;]\" \/>\n<meta property=\"og:url\" content=\"https:\/\/septimocielocordoba.com\/en\/m\/moises\/\" \/>\n<meta property=\"og:site_name\" content=\"Septimo Cielo\" \/>\n<meta property=\"article:modified_time\" content=\"2026-04-26T11:26:59+00:00\" \/>\n<meta property=\"og:image\" content=\"https:\/\/septimocielocordoba.com\/wp-content\/uploads\/2025\/03\/Moises-2025-Principal.png\" \/>\n\t<meta property=\"og:image:width\" content=\"844\" \/>\n\t<meta property=\"og:image:height\" content=\"1250\" \/>\n\t<meta property=\"og:image:type\" content=\"image\/png\" \/>\n<meta name=\"twitter:card\" content=\"summary_large_image\" \/>\n<meta name=\"twitter:label1\" content=\"Est. reading time\" \/>\n\t<meta name=\"twitter:data1\" content=\"1 minute\" \/>\n<script type=\"application\/ld+json\" class=\"yoast-schema-graph\">{\"@context\":\"https:\\\/\\\/schema.org\",\"@graph\":[{\"@type\":\"WebPage\",\"@id\":\"https:\\\/\\\/septimocielocordoba.com\\\/m\\\/moises\\\/\",\"url\":\"https:\\\/\\\/septimocielocordoba.com\\\/m\\\/moises\\\/\",\"name\":\"Mois\u00e9s - Septimo Cielo\",\"isPartOf\":{\"@id\":\"https:\\\/\\\/septimocielocordoba.com\\\/#website\"},\"primaryImageOfPage\":{\"@id\":\"https:\\\/\\\/septimocielocordoba.com\\\/m\\\/moises\\\/#primaryimage\"},\"image\":{\"@id\":\"https:\\\/\\\/septimocielocordoba.com\\\/m\\\/moises\\\/#primaryimage\"},\"thumbnailUrl\":\"https:\\\/\\\/septimocielocordoba.com\\\/wp-content\\\/uploads\\\/2025\\\/03\\\/Moises-2025-Principal.png\",\"datePublished\":\"2025-03-12T00:01:58+00:00\",\"dateModified\":\"2026-04-26T11:26:59+00:00\",\"breadcrumb\":{\"@id\":\"https:\\\/\\\/septimocielocordoba.com\\\/m\\\/moises\\\/#breadcrumb\"},\"inLanguage\":\"en-US\",\"potentialAction\":[{\"@type\":\"ReadAction\",\"target\":[\"https:\\\/\\\/septimocielocordoba.com\\\/m\\\/moises\\\/\"]}]},{\"@type\":\"ImageObject\",\"inLanguage\":\"en-US\",\"@id\":\"https:\\\/\\\/septimocielocordoba.com\\\/m\\\/moises\\\/#primaryimage\",\"url\":\"https:\\\/\\\/septimocielocordoba.com\\\/wp-content\\\/uploads\\\/2025\\\/03\\\/Moises-2025-Principal.png\",\"contentUrl\":\"https:\\\/\\\/septimocielocordoba.com\\\/wp-content\\\/uploads\\\/2025\\\/03\\\/Moises-2025-Principal.png\",\"width\":844,\"height\":1250},{\"@type\":\"BreadcrumbList\",\"@id\":\"https:\\\/\\\/septimocielocordoba.com\\\/m\\\/moises\\\/#breadcrumb\",\"itemListElement\":[{\"@type\":\"ListItem\",\"position\":1,\"name\":\"Portada\",\"item\":\"https:\\\/\\\/septimocielocordoba.com\\\/\"},{\"@type\":\"ListItem\",\"position\":2,\"name\":\"S\u00e9ptimo Cielo &#8211; Masajes Er\u00f3ticos en C\u00f3rdoba\",\"item\":\"https:\\\/\\\/septimocielocordoba.com\\\/\"},{\"@type\":\"ListItem\",\"position\":3,\"name\":\"Mois\u00e9s\"}]},{\"@type\":\"WebSite\",\"@id\":\"https:\\\/\\\/septimocielocordoba.com\\\/#website\",\"url\":\"https:\\\/\\\/septimocielocordoba.com\\\/\",\"name\":\"Septimo Cielo\",\"description\":\"Masajes er\u00f3ticos en C\u00f3rdoba\",\"publisher\":{\"@id\":\"https:\\\/\\\/septimocielocordoba.com\\\/#organization\"},\"potentialAction\":[{\"@type\":\"SearchAction\",\"target\":{\"@type\":\"EntryPoint\",\"urlTemplate\":\"https:\\\/\\\/septimocielocordoba.com\\\/?s={search_term_string}\"},\"query-input\":{\"@type\":\"PropertyValueSpecification\",\"valueRequired\":true,\"valueName\":\"search_term_string\"}}],\"inLanguage\":\"en-US\"},{\"@type\":\"Organization\",\"@id\":\"https:\\\/\\\/septimocielocordoba.com\\\/#organization\",\"name\":\"Septimo Cielo\",\"url\":\"https:\\\/\\\/septimocielocordoba.com\\\/\",\"logo\":{\"@type\":\"ImageObject\",\"inLanguage\":\"en-US\",\"@id\":\"https:\\\/\\\/septimocielocordoba.com\\\/#\\\/schema\\\/logo\\\/image\\\/\",\"url\":\"https:\\\/\\\/septimocielocordoba.com\\\/wp-content\\\/uploads\\\/2025\\\/03\\\/7icon.png\",\"contentUrl\":\"https:\\\/\\\/septimocielocordoba.com\\\/wp-content\\\/uploads\\\/2025\\\/03\\\/7icon.png\",\"width\":300,\"height\":300,\"caption\":\"Septimo Cielo\"},\"image\":{\"@id\":\"https:\\\/\\\/septimocielocordoba.com\\\/#\\\/schema\\\/logo\\\/image\\\/\"}}]}<\/script>\n<!-- \/ Yoast SEO plugin. -->","yoast_head_json":{"title":"Mois\u00e9s - Septimo Cielo","robots":{"index":"index","follow":"follow","max-snippet":"max-snippet:-1","max-image-preview":"max-image-preview:large","max-video-preview":"max-video-preview:-1"},"canonical":"https:\/\/septimocielocordoba.com\/en\/m\/moises\/","og_locale":"en_US","og_type":"article","og_title":"Mois\u00e9s - Septimo Cielo","og_description":"Conoce el aut\u00e9ntico significado del masaje er\u00f3tico masculino en manos del mejor masajista de C\u00f3rdoba. Profesional, atento y entregado disfruta junto a \u00e9l de un tonificado y masculino f\u00edsico generosamente dotado para satisfacer. Mois\u00e9s comienza la sesi\u00f3n con una c\u00e1lida sonrisa y un sincero inter\u00e9s en comprender tus deseos, buscando crear una experiencia adaptada a [&hellip;]","og_url":"https:\/\/septimocielocordoba.com\/en\/m\/moises\/","og_site_name":"Septimo Cielo","article_modified_time":"2026-04-26T11:26:59+00:00","og_image":[{"width":844,"height":1250,"url":"https:\/\/septimocielocordoba.com\/wp-content\/uploads\/2025\/03\/Moises-2025-Principal.png","type":"image\/png"}],"twitter_card":"summary_large_image","twitter_misc":{"Est. reading time":"1 minute"},"schema":{"@context":"https:\/\/schema.org","@graph":[{"@type":"WebPage","@id":"https:\/\/septimocielocordoba.com\/m\/moises\/","url":"https:\/\/septimocielocordoba.com\/m\/moises\/","name":"Mois\u00e9s - Septimo Cielo","isPartOf":{"@id":"https:\/\/septimocielocordoba.com\/#website"},"primaryImageOfPage":{"@id":"https:\/\/septimocielocordoba.com\/m\/moises\/#primaryimage"},"image":{"@id":"https:\/\/septimocielocordoba.com\/m\/moises\/#primaryimage"},"thumbnailUrl":"https:\/\/septimocielocordoba.com\/wp-content\/uploads\/2025\/03\/Moises-2025-Principal.png","datePublished":"2025-03-12T00:01:58+00:00","dateModified":"2026-04-26T11:26:59+00:00","breadcrumb":{"@id":"https:\/\/septimocielocordoba.com\/m\/moises\/#breadcrumb"},"inLanguage":"en-US","potentialAction":[{"@type":"ReadAction","target":["https:\/\/septimocielocordoba.com\/m\/moises\/"]}]},{"@type":"ImageObject","inLanguage":"en-US","@id":"https:\/\/septimocielocordoba.com\/m\/moises\/#primaryimage","url":"https:\/\/septimocielocordoba.com\/wp-content\/uploads\/2025\/03\/Moises-2025-Principal.png","contentUrl":"https:\/\/septimocielocordoba.com\/wp-content\/uploads\/2025\/03\/Moises-2025-Principal.png","width":844,"height":1250},{"@type":"BreadcrumbList","@id":"https:\/\/septimocielocordoba.com\/m\/moises\/#breadcrumb","itemListElement":[{"@type":"ListItem","position":1,"name":"Portada","item":"https:\/\/septimocielocordoba.com\/"},{"@type":"ListItem","position":2,"name":"S\u00e9ptimo Cielo &#8211; Masajes Er\u00f3ticos en C\u00f3rdoba","item":"https:\/\/septimocielocordoba.com\/"},{"@type":"ListItem","position":3,"name":"Mois\u00e9s"}]},{"@type":"WebSite","@id":"https:\/\/septimocielocordoba.com\/#website","url":"https:\/\/septimocielocordoba.com\/","name":"Seventh heaven","description":"Erotic massages in C\u00f3rdoba","publisher":{"@id":"https:\/\/septimocielocordoba.com\/#organization"},"potentialAction":[{"@type":"SearchAction","target":{"@type":"EntryPoint","urlTemplate":"https:\/\/septimocielocordoba.com\/?s={search_term_string}"},"query-input":{"@type":"PropertyValueSpecification","valueRequired":true,"valueName":"search_term_string"}}],"inLanguage":"en-US"},{"@type":"Organization","@id":"https:\/\/septimocielocordoba.com\/#organization","name":"Seventh heaven","url":"https:\/\/septimocielocordoba.com\/","logo":{"@type":"ImageObject","inLanguage":"en-US","@id":"https:\/\/septimocielocordoba.com\/#\/schema\/logo\/image\/","url":"https:\/\/septimocielocordoba.com\/wp-content\/uploads\/2025\/03\/7icon.png","contentUrl":"https:\/\/septimocielocordoba.com\/wp-content\/uploads\/2025\/03\/7icon.png","width":300,"height":300,"caption":"Septimo Cielo"},"image":{"@id":"https:\/\/septimocielocordoba.com\/#\/schema\/logo\/image\/"}}]}},"_links":{"self":[{"href":"https:\/\/septimocielocordoba.com\/en\/wp-json\/wp\/v2\/product\/321","targetHints":{"allow":["GET"]}}],"collection":[{"href":"https:\/\/septimocielocordoba.com\/en\/wp-json\/wp\/v2\/product"}],"about":[{"href":"https:\/\/septimocielocordoba.com\/en\/wp-json\/wp\/v2\/types\/product"}],"replies":[{"embeddable":true,"href":"https:\/\/septimocielocordoba.com\/en\/wp-json\/wp\/v2\/comments?post=321"}],"version-history":[{"count":3,"href":"https:\/\/septimocielocordoba.com\/en\/wp-json\/wp\/v2\/product\/321\/revisions"}],"predecessor-version":[{"id":780,"href":"https:\/\/septimocielocordoba.com\/en\/wp-json\/wp\/v2\/product\/321\/revisions\/780"}],"wp:featuredmedia":[{"embeddable":true,"href":"https:\/\/septimocielocordoba.com\/en\/wp-json\/wp\/v2\/media\/322"}],"wp:attachment":[{"href":"https:\/\/septimocielocordoba.com\/en\/wp-json\/wp\/v2\/media?parent=321"}],"wp:term":[{"taxonomy":"product_brand","embeddable":true,"href":"https:\/\/septimocielocordoba.com\/en\/wp-json\/wp\/v2\/product_brand?post=321"},{"taxonomy":"product_cat","embeddable":true,"href":"https:\/\/septimocielocordoba.com\/en\/wp-json\/wp\/v2\/product_cat?post=321"},{"taxonomy":"product_tag","embeddable":true,"href":"https:\/\/septimocielocordoba.com\/en\/wp-json\/wp\/v2\/product_tag?post=321"}],"curies":[{"name":"wp","href":"https:\/\/api.w.org\/{rel}","templated":true}]}}