{"id":247,"date":"2025-03-11T17:17:24","date_gmt":"2025-03-11T17:17:24","guid":{"rendered":"https:\/\/test.spaceandbourbon.com\/7c\/?post_type=product&#038;p=247"},"modified":"2026-04-01T16:18:17","modified_gmt":"2026-04-01T14:18:17","slug":"selene","status":"publish","type":"product","link":"https:\/\/septimocielocordoba.com\/en\/m\/selene\/","title":{"rendered":"Selene"},"content":{"rendered":"<div>\n<p>Embark on a journey of limitless pleasure with the wonderful Selene.<br \/>\nWith extensive experience and fantastic reviews, this young masseuse is dedicated, explosive, and fun in equal measure. Her innate ability to seduce, excite, and please guarantees a perfect massage session. With a playful and affectionate nature, she&#039;ll sweep you off your feet with her irresistible charm.<br \/>\nLet yourself be carried away by the promise of a fiery and uninhibited adventure, where every encounter immerses you in a world of absolute pleasure. In her arms, desire becomes reality, and boundaries blur in a whirlwind of passion thanks to her genuine connection with sexuality and eroticism.<br \/>\nBeautiful, fun, dedicated, and professional, Selene offers unique and unparalleled moments of relaxation that will make you want to return to her arms again and again.<\/p>\n<\/div>","protected":false},"excerpt":{"rendered":"<p>Emb\u00e1rcate en un viaje de placer sin l\u00edmites junto a la maravillosa Selene. De amplia experiencia y fant\u00e1sticas rese\u00f1as esta joven masajista es entregada, explosiva y divertida a partes iguales. Su innata habilidad para seducir, excitar y complacer te garantiza una sesi\u00f3n de masaje perfecta. Con un car\u00e1cter juguet\u00f3n y cari\u00f1oso te llevar\u00e1 al borde [&hellip;]<\/p>","protected":false},"featured_media":1341,"comment_status":"open","ping_status":"closed","template":"","meta":{"_joinchat":[]},"product_brand":[],"product_cat":[78],"product_tag":[],"class_list":{"0":"post-247","1":"product","2":"type-product","3":"status-publish","4":"has-post-thumbnail","6":"product_cat-chicas","8":"first","9":"instock","10":"virtual","11":"product-type-simple"},"yoast_head":"<!-- This site is optimized with the Yoast SEO plugin v26.8 - https:\/\/yoast.com\/product\/yoast-seo-wordpress\/ -->\n<title>Selene - Septimo Cielo<\/title>\n<meta name=\"robots\" content=\"index, follow, max-snippet:-1, max-image-preview:large, max-video-preview:-1\" \/>\n<link rel=\"canonical\" href=\"https:\/\/septimocielocordoba.com\/en\/m\/selene\/\" \/>\n<meta property=\"og:locale\" content=\"en_US\" \/>\n<meta property=\"og:type\" content=\"article\" \/>\n<meta property=\"og:title\" content=\"Selene - Septimo Cielo\" \/>\n<meta property=\"og:description\" content=\"Emb\u00e1rcate en un viaje de placer sin l\u00edmites junto a la maravillosa Selene. De amplia experiencia y fant\u00e1sticas rese\u00f1as esta joven masajista es entregada, explosiva y divertida a partes iguales. Su innata habilidad para seducir, excitar y complacer te garantiza una sesi\u00f3n de masaje perfecta. Con un car\u00e1cter juguet\u00f3n y cari\u00f1oso te llevar\u00e1 al borde [&hellip;]\" \/>\n<meta property=\"og:url\" content=\"https:\/\/septimocielocordoba.com\/en\/m\/selene\/\" \/>\n<meta property=\"og:site_name\" content=\"Septimo Cielo\" \/>\n<meta property=\"article:modified_time\" content=\"2026-04-01T14:18:17+00:00\" \/>\n<meta property=\"og:image\" content=\"https:\/\/septimocielocordoba.com\/wp-content\/uploads\/2025\/03\/Selene-primavera.jpg\" \/>\n\t<meta property=\"og:image:width\" content=\"988\" \/>\n\t<meta property=\"og:image:height\" content=\"1400\" \/>\n\t<meta property=\"og:image:type\" content=\"image\/jpeg\" \/>\n<meta name=\"twitter:card\" content=\"summary_large_image\" \/>\n<meta name=\"twitter:label1\" content=\"Est. reading time\" \/>\n\t<meta name=\"twitter:data1\" content=\"1 minute\" \/>\n<script type=\"application\/ld+json\" class=\"yoast-schema-graph\">{\"@context\":\"https:\/\/schema.org\",\"@graph\":[{\"@type\":\"WebPage\",\"@id\":\"https:\/\/septimocielocordoba.com\/m\/selene\/\",\"url\":\"https:\/\/septimocielocordoba.com\/m\/selene\/\",\"name\":\"Selene - Septimo Cielo\",\"isPartOf\":{\"@id\":\"https:\/\/septimocielocordoba.com\/#website\"},\"primaryImageOfPage\":{\"@id\":\"https:\/\/septimocielocordoba.com\/m\/selene\/#primaryimage\"},\"image\":{\"@id\":\"https:\/\/septimocielocordoba.com\/m\/selene\/#primaryimage\"},\"thumbnailUrl\":\"https:\/\/septimocielocordoba.com\/wp-content\/uploads\/2025\/03\/Selene-primavera.jpg\",\"datePublished\":\"2025-03-11T17:17:24+00:00\",\"dateModified\":\"2026-04-01T14:18:17+00:00\",\"breadcrumb\":{\"@id\":\"https:\/\/septimocielocordoba.com\/m\/selene\/#breadcrumb\"},\"inLanguage\":\"en-US\",\"potentialAction\":[{\"@type\":\"ReadAction\",\"target\":[\"https:\/\/septimocielocordoba.com\/m\/selene\/\"]}]},{\"@type\":\"ImageObject\",\"inLanguage\":\"en-US\",\"@id\":\"https:\/\/septimocielocordoba.com\/m\/selene\/#primaryimage\",\"url\":\"https:\/\/septimocielocordoba.com\/wp-content\/uploads\/2025\/03\/Selene-primavera.jpg\",\"contentUrl\":\"https:\/\/septimocielocordoba.com\/wp-content\/uploads\/2025\/03\/Selene-primavera.jpg\",\"width\":988,\"height\":1400},{\"@type\":\"BreadcrumbList\",\"@id\":\"https:\/\/septimocielocordoba.com\/m\/selene\/#breadcrumb\",\"itemListElement\":[{\"@type\":\"ListItem\",\"position\":1,\"name\":\"Portada\",\"item\":\"https:\/\/septimocielocordoba.com\/\"},{\"@type\":\"ListItem\",\"position\":2,\"name\":\"S\u00e9ptimo Cielo &#8211; Masajes Er\u00f3ticos en C\u00f3rdoba\",\"item\":\"https:\/\/septimocielocordoba.com\/\"},{\"@type\":\"ListItem\",\"position\":3,\"name\":\"Selene\"}]},{\"@type\":\"WebSite\",\"@id\":\"https:\/\/septimocielocordoba.com\/#website\",\"url\":\"https:\/\/septimocielocordoba.com\/\",\"name\":\"Septimo Cielo\",\"description\":\"Masajes er\u00f3ticos en C\u00f3rdoba\",\"publisher\":{\"@id\":\"https:\/\/septimocielocordoba.com\/#organization\"},\"potentialAction\":[{\"@type\":\"SearchAction\",\"target\":{\"@type\":\"EntryPoint\",\"urlTemplate\":\"https:\/\/septimocielocordoba.com\/?s={search_term_string}\"},\"query-input\":{\"@type\":\"PropertyValueSpecification\",\"valueRequired\":true,\"valueName\":\"search_term_string\"}}],\"inLanguage\":\"en-US\"},{\"@type\":\"Organization\",\"@id\":\"https:\/\/septimocielocordoba.com\/#organization\",\"name\":\"Septimo Cielo\",\"url\":\"https:\/\/septimocielocordoba.com\/\",\"logo\":{\"@type\":\"ImageObject\",\"inLanguage\":\"en-US\",\"@id\":\"https:\/\/septimocielocordoba.com\/#\/schema\/logo\/image\/\",\"url\":\"https:\/\/septimocielocordoba.com\/wp-content\/uploads\/2025\/03\/7icon.png\",\"contentUrl\":\"https:\/\/septimocielocordoba.com\/wp-content\/uploads\/2025\/03\/7icon.png\",\"width\":300,\"height\":300,\"caption\":\"Septimo Cielo\"},\"image\":{\"@id\":\"https:\/\/septimocielocordoba.com\/#\/schema\/logo\/image\/\"}}]}<\/script>\n<!-- \/ Yoast SEO plugin. -->","yoast_head_json":{"title":"Selene - Septimo Cielo","robots":{"index":"index","follow":"follow","max-snippet":"max-snippet:-1","max-image-preview":"max-image-preview:large","max-video-preview":"max-video-preview:-1"},"canonical":"https:\/\/septimocielocordoba.com\/en\/m\/selene\/","og_locale":"en_US","og_type":"article","og_title":"Selene - Septimo Cielo","og_description":"Emb\u00e1rcate en un viaje de placer sin l\u00edmites junto a la maravillosa Selene. De amplia experiencia y fant\u00e1sticas rese\u00f1as esta joven masajista es entregada, explosiva y divertida a partes iguales. Su innata habilidad para seducir, excitar y complacer te garantiza una sesi\u00f3n de masaje perfecta. Con un car\u00e1cter juguet\u00f3n y cari\u00f1oso te llevar\u00e1 al borde [&hellip;]","og_url":"https:\/\/septimocielocordoba.com\/en\/m\/selene\/","og_site_name":"Septimo Cielo","article_modified_time":"2026-04-01T14:18:17+00:00","og_image":[{"width":988,"height":1400,"url":"https:\/\/septimocielocordoba.com\/wp-content\/uploads\/2025\/03\/Selene-primavera.jpg","type":"image\/jpeg"}],"twitter_card":"summary_large_image","twitter_misc":{"Est. reading time":"1 minute"},"schema":{"@context":"https:\/\/schema.org","@graph":[{"@type":"WebPage","@id":"https:\/\/septimocielocordoba.com\/m\/selene\/","url":"https:\/\/septimocielocordoba.com\/m\/selene\/","name":"Selene - Septimo Cielo","isPartOf":{"@id":"https:\/\/septimocielocordoba.com\/#website"},"primaryImageOfPage":{"@id":"https:\/\/septimocielocordoba.com\/m\/selene\/#primaryimage"},"image":{"@id":"https:\/\/septimocielocordoba.com\/m\/selene\/#primaryimage"},"thumbnailUrl":"https:\/\/septimocielocordoba.com\/wp-content\/uploads\/2025\/03\/Selene-primavera.jpg","datePublished":"2025-03-11T17:17:24+00:00","dateModified":"2026-04-01T14:18:17+00:00","breadcrumb":{"@id":"https:\/\/septimocielocordoba.com\/m\/selene\/#breadcrumb"},"inLanguage":"en-US","potentialAction":[{"@type":"ReadAction","target":["https:\/\/septimocielocordoba.com\/m\/selene\/"]}]},{"@type":"ImageObject","inLanguage":"en-US","@id":"https:\/\/septimocielocordoba.com\/m\/selene\/#primaryimage","url":"https:\/\/septimocielocordoba.com\/wp-content\/uploads\/2025\/03\/Selene-primavera.jpg","contentUrl":"https:\/\/septimocielocordoba.com\/wp-content\/uploads\/2025\/03\/Selene-primavera.jpg","width":988,"height":1400},{"@type":"BreadcrumbList","@id":"https:\/\/septimocielocordoba.com\/m\/selene\/#breadcrumb","itemListElement":[{"@type":"ListItem","position":1,"name":"Portada","item":"https:\/\/septimocielocordoba.com\/"},{"@type":"ListItem","position":2,"name":"S\u00e9ptimo Cielo &#8211; Masajes Er\u00f3ticos en C\u00f3rdoba","item":"https:\/\/septimocielocordoba.com\/"},{"@type":"ListItem","position":3,"name":"Selene"}]},{"@type":"WebSite","@id":"https:\/\/septimocielocordoba.com\/#website","url":"https:\/\/septimocielocordoba.com\/","name":"Seventh heaven","description":"Erotic massages in C\u00f3rdoba","publisher":{"@id":"https:\/\/septimocielocordoba.com\/#organization"},"potentialAction":[{"@type":"SearchAction","target":{"@type":"EntryPoint","urlTemplate":"https:\/\/septimocielocordoba.com\/?s={search_term_string}"},"query-input":{"@type":"PropertyValueSpecification","valueRequired":true,"valueName":"search_term_string"}}],"inLanguage":"en-US"},{"@type":"Organization","@id":"https:\/\/septimocielocordoba.com\/#organization","name":"Seventh heaven","url":"https:\/\/septimocielocordoba.com\/","logo":{"@type":"ImageObject","inLanguage":"en-US","@id":"https:\/\/septimocielocordoba.com\/#\/schema\/logo\/image\/","url":"https:\/\/septimocielocordoba.com\/wp-content\/uploads\/2025\/03\/7icon.png","contentUrl":"https:\/\/septimocielocordoba.com\/wp-content\/uploads\/2025\/03\/7icon.png","width":300,"height":300,"caption":"Septimo Cielo"},"image":{"@id":"https:\/\/septimocielocordoba.com\/#\/schema\/logo\/image\/"}}]}},"_links":{"self":[{"href":"https:\/\/septimocielocordoba.com\/en\/wp-json\/wp\/v2\/product\/247","targetHints":{"allow":["GET"]}}],"collection":[{"href":"https:\/\/septimocielocordoba.com\/en\/wp-json\/wp\/v2\/product"}],"about":[{"href":"https:\/\/septimocielocordoba.com\/en\/wp-json\/wp\/v2\/types\/product"}],"replies":[{"embeddable":true,"href":"https:\/\/septimocielocordoba.com\/en\/wp-json\/wp\/v2\/comments?post=247"}],"version-history":[{"count":8,"href":"https:\/\/septimocielocordoba.com\/en\/wp-json\/wp\/v2\/product\/247\/revisions"}],"predecessor-version":[{"id":765,"href":"https:\/\/septimocielocordoba.com\/en\/wp-json\/wp\/v2\/product\/247\/revisions\/765"}],"wp:featuredmedia":[{"embeddable":true,"href":"https:\/\/septimocielocordoba.com\/en\/wp-json\/wp\/v2\/media\/1341"}],"wp:attachment":[{"href":"https:\/\/septimocielocordoba.com\/en\/wp-json\/wp\/v2\/media?parent=247"}],"wp:term":[{"taxonomy":"product_brand","embeddable":true,"href":"https:\/\/septimocielocordoba.com\/en\/wp-json\/wp\/v2\/product_brand?post=247"},{"taxonomy":"product_cat","embeddable":true,"href":"https:\/\/septimocielocordoba.com\/en\/wp-json\/wp\/v2\/product_cat?post=247"},{"taxonomy":"product_tag","embeddable":true,"href":"https:\/\/septimocielocordoba.com\/en\/wp-json\/wp\/v2\/product_tag?post=247"}],"curies":[{"name":"wp","href":"https:\/\/api.w.org\/{rel}","templated":true}]}}