{"id":1386,"date":"2026-05-06T19:03:03","date_gmt":"2026-05-06T17:03:03","guid":{"rendered":"https:\/\/septimocielocordoba.com\/?post_type=product&#038;p=1386"},"modified":"2026-05-07T10:52:20","modified_gmt":"2026-05-07T08:52:20","slug":"erika","status":"publish","type":"product","link":"https:\/\/septimocielocordoba.com\/en\/m\/erika\/","title":{"rendered":"Erika"},"content":{"rendered":"<p>Erika is one of those women who stand out without having to make an effort.<\/p>\n<p>From Cordoba, elegant and tremendously feminine, she combines a confident and outgoing attitude with a natural sensuality that is hard to ignore.<\/p>\n<p>With <b>1.68 meters tall<\/b> and a slender silhouette of <b>sharp and harmonious curves<\/b>, Her body exudes balance and allure with every movement. Her ample bosom further enhances her sculpted and very feminine figure, while her soft, almost silky skin invites touch and closeness.<\/p>\n<p>Her hazelnut-colored hair frames exotic features and an intense gaze with striking eyes that captivates from the first moment. Her full lips and beautiful smile complete a warm, provocative, and enchanting presence.<\/p>\n<p>Erika conveys passion, warmth, and a special energy that envelops the atmosphere from the moment she appears.<\/p>\n<p>A woman created to awaken sensations\u2026 and leave a lasting impression.<\/p>","protected":false},"excerpt":{"rendered":"<p>Erika es de esas mujeres que destacan sin necesidad de esforzarse. Cordobesa, elegante y tremendamente femenina, combina una actitud segura y extrovertida con una sensualidad natural dif\u00edcil de ignorar. Con 1,68 de estatura y una silueta esbelta de curvas marcadas y armoniosas, su cuerpo desprende equilibrio y atractivo en cada movimiento. Su pecho abundante realza [&hellip;]<\/p>\n","protected":false},"featured_media":1387,"comment_status":"open","ping_status":"closed","template":"","meta":{"_joinchat":[]},"product_brand":[],"product_cat":[78,83],"product_tag":[],"class_list":{"0":"post-1386","1":"product","2":"type-product","3":"status-publish","4":"has-post-thumbnail","6":"product_cat-chicas","7":"product_cat-novedades","9":"first","10":"instock","11":"virtual","12":"product-type-simple"},"yoast_head":"<!-- This site is optimized with the Yoast SEO plugin v27.5 - https:\/\/yoast.com\/product\/yoast-seo-wordpress\/ -->\n<title>Erika - Septimo Cielo<\/title>\n<meta name=\"robots\" content=\"index, follow, max-snippet:-1, max-image-preview:large, max-video-preview:-1\" \/>\n<link rel=\"canonical\" href=\"https:\/\/septimocielocordoba.com\/en\/m\/erika\/\" \/>\n<meta property=\"og:locale\" content=\"en_US\" \/>\n<meta property=\"og:type\" content=\"article\" \/>\n<meta property=\"og:title\" content=\"Erika - Septimo Cielo\" \/>\n<meta property=\"og:description\" content=\"Erika es de esas mujeres que destacan sin necesidad de esforzarse. Cordobesa, elegante y tremendamente femenina, combina una actitud segura y extrovertida con una sensualidad natural dif\u00edcil de ignorar. Con 1,68 de estatura y una silueta esbelta de curvas marcadas y armoniosas, su cuerpo desprende equilibrio y atractivo en cada movimiento. Su pecho abundante realza [&hellip;]\" \/>\n<meta property=\"og:url\" content=\"https:\/\/septimocielocordoba.com\/en\/m\/erika\/\" \/>\n<meta property=\"og:site_name\" content=\"Septimo Cielo\" \/>\n<meta property=\"article:modified_time\" content=\"2026-05-07T08:52:20+00:00\" \/>\n<meta property=\"og:image\" content=\"https:\/\/septimocielocordoba.com\/wp-content\/uploads\/2026\/05\/erika-p.jpg\" \/>\n\t<meta property=\"og:image:width\" content=\"988\" \/>\n\t<meta property=\"og:image:height\" content=\"1400\" \/>\n\t<meta property=\"og:image:type\" content=\"image\/jpeg\" \/>\n<meta name=\"twitter:card\" content=\"summary_large_image\" \/>\n<meta name=\"twitter:label1\" content=\"Est. reading time\" \/>\n\t<meta name=\"twitter:data1\" content=\"1 minute\" \/>\n<script type=\"application\/ld+json\" class=\"yoast-schema-graph\">{\"@context\":\"https:\\\/\\\/schema.org\",\"@graph\":[{\"@type\":\"WebPage\",\"@id\":\"https:\\\/\\\/septimocielocordoba.com\\\/m\\\/erika\\\/\",\"url\":\"https:\\\/\\\/septimocielocordoba.com\\\/m\\\/erika\\\/\",\"name\":\"Erika - Septimo Cielo\",\"isPartOf\":{\"@id\":\"https:\\\/\\\/septimocielocordoba.com\\\/#website\"},\"primaryImageOfPage\":{\"@id\":\"https:\\\/\\\/septimocielocordoba.com\\\/m\\\/erika\\\/#primaryimage\"},\"image\":{\"@id\":\"https:\\\/\\\/septimocielocordoba.com\\\/m\\\/erika\\\/#primaryimage\"},\"thumbnailUrl\":\"https:\\\/\\\/septimocielocordoba.com\\\/wp-content\\\/uploads\\\/2026\\\/05\\\/erika-p.jpg\",\"datePublished\":\"2026-05-06T17:03:03+00:00\",\"dateModified\":\"2026-05-07T08:52:20+00:00\",\"breadcrumb\":{\"@id\":\"https:\\\/\\\/septimocielocordoba.com\\\/m\\\/erika\\\/#breadcrumb\"},\"inLanguage\":\"en-US\",\"potentialAction\":[{\"@type\":\"ReadAction\",\"target\":[\"https:\\\/\\\/septimocielocordoba.com\\\/m\\\/erika\\\/\"]}]},{\"@type\":\"ImageObject\",\"inLanguage\":\"en-US\",\"@id\":\"https:\\\/\\\/septimocielocordoba.com\\\/m\\\/erika\\\/#primaryimage\",\"url\":\"https:\\\/\\\/septimocielocordoba.com\\\/wp-content\\\/uploads\\\/2026\\\/05\\\/erika-p.jpg\",\"contentUrl\":\"https:\\\/\\\/septimocielocordoba.com\\\/wp-content\\\/uploads\\\/2026\\\/05\\\/erika-p.jpg\",\"width\":988,\"height\":1400},{\"@type\":\"BreadcrumbList\",\"@id\":\"https:\\\/\\\/septimocielocordoba.com\\\/m\\\/erika\\\/#breadcrumb\",\"itemListElement\":[{\"@type\":\"ListItem\",\"position\":1,\"name\":\"Portada\",\"item\":\"https:\\\/\\\/septimocielocordoba.com\\\/\"},{\"@type\":\"ListItem\",\"position\":2,\"name\":\"S\u00e9ptimo Cielo &#8211; Masajes Er\u00f3ticos en C\u00f3rdoba\",\"item\":\"https:\\\/\\\/septimocielocordoba.com\\\/\"},{\"@type\":\"ListItem\",\"position\":3,\"name\":\"Erika\"}]},{\"@type\":\"WebSite\",\"@id\":\"https:\\\/\\\/septimocielocordoba.com\\\/#website\",\"url\":\"https:\\\/\\\/septimocielocordoba.com\\\/\",\"name\":\"Septimo Cielo\",\"description\":\"Masajes er\u00f3ticos en C\u00f3rdoba\",\"publisher\":{\"@id\":\"https:\\\/\\\/septimocielocordoba.com\\\/#organization\"},\"potentialAction\":[{\"@type\":\"SearchAction\",\"target\":{\"@type\":\"EntryPoint\",\"urlTemplate\":\"https:\\\/\\\/septimocielocordoba.com\\\/?s={search_term_string}\"},\"query-input\":{\"@type\":\"PropertyValueSpecification\",\"valueRequired\":true,\"valueName\":\"search_term_string\"}}],\"inLanguage\":\"en-US\"},{\"@type\":\"Organization\",\"@id\":\"https:\\\/\\\/septimocielocordoba.com\\\/#organization\",\"name\":\"Septimo Cielo\",\"url\":\"https:\\\/\\\/septimocielocordoba.com\\\/\",\"logo\":{\"@type\":\"ImageObject\",\"inLanguage\":\"en-US\",\"@id\":\"https:\\\/\\\/septimocielocordoba.com\\\/#\\\/schema\\\/logo\\\/image\\\/\",\"url\":\"https:\\\/\\\/septimocielocordoba.com\\\/wp-content\\\/uploads\\\/2025\\\/03\\\/7icon.png\",\"contentUrl\":\"https:\\\/\\\/septimocielocordoba.com\\\/wp-content\\\/uploads\\\/2025\\\/03\\\/7icon.png\",\"width\":300,\"height\":300,\"caption\":\"Septimo Cielo\"},\"image\":{\"@id\":\"https:\\\/\\\/septimocielocordoba.com\\\/#\\\/schema\\\/logo\\\/image\\\/\"}}]}<\/script>\n<!-- \/ Yoast SEO plugin. -->","yoast_head_json":{"title":"Erika - Septimo Cielo","robots":{"index":"index","follow":"follow","max-snippet":"max-snippet:-1","max-image-preview":"max-image-preview:large","max-video-preview":"max-video-preview:-1"},"canonical":"https:\/\/septimocielocordoba.com\/en\/m\/erika\/","og_locale":"en_US","og_type":"article","og_title":"Erika - Septimo Cielo","og_description":"Erika es de esas mujeres que destacan sin necesidad de esforzarse. Cordobesa, elegante y tremendamente femenina, combina una actitud segura y extrovertida con una sensualidad natural dif\u00edcil de ignorar. Con 1,68 de estatura y una silueta esbelta de curvas marcadas y armoniosas, su cuerpo desprende equilibrio y atractivo en cada movimiento. Su pecho abundante realza [&hellip;]","og_url":"https:\/\/septimocielocordoba.com\/en\/m\/erika\/","og_site_name":"Septimo Cielo","article_modified_time":"2026-05-07T08:52:20+00:00","og_image":[{"width":988,"height":1400,"url":"https:\/\/septimocielocordoba.com\/wp-content\/uploads\/2026\/05\/erika-p.jpg","type":"image\/jpeg"}],"twitter_card":"summary_large_image","twitter_misc":{"Est. reading time":"1 minute"},"schema":{"@context":"https:\/\/schema.org","@graph":[{"@type":"WebPage","@id":"https:\/\/septimocielocordoba.com\/m\/erika\/","url":"https:\/\/septimocielocordoba.com\/m\/erika\/","name":"Erika - Septimo Cielo","isPartOf":{"@id":"https:\/\/septimocielocordoba.com\/#website"},"primaryImageOfPage":{"@id":"https:\/\/septimocielocordoba.com\/m\/erika\/#primaryimage"},"image":{"@id":"https:\/\/septimocielocordoba.com\/m\/erika\/#primaryimage"},"thumbnailUrl":"https:\/\/septimocielocordoba.com\/wp-content\/uploads\/2026\/05\/erika-p.jpg","datePublished":"2026-05-06T17:03:03+00:00","dateModified":"2026-05-07T08:52:20+00:00","breadcrumb":{"@id":"https:\/\/septimocielocordoba.com\/m\/erika\/#breadcrumb"},"inLanguage":"en-US","potentialAction":[{"@type":"ReadAction","target":["https:\/\/septimocielocordoba.com\/m\/erika\/"]}]},{"@type":"ImageObject","inLanguage":"en-US","@id":"https:\/\/septimocielocordoba.com\/m\/erika\/#primaryimage","url":"https:\/\/septimocielocordoba.com\/wp-content\/uploads\/2026\/05\/erika-p.jpg","contentUrl":"https:\/\/septimocielocordoba.com\/wp-content\/uploads\/2026\/05\/erika-p.jpg","width":988,"height":1400},{"@type":"BreadcrumbList","@id":"https:\/\/septimocielocordoba.com\/m\/erika\/#breadcrumb","itemListElement":[{"@type":"ListItem","position":1,"name":"Portada","item":"https:\/\/septimocielocordoba.com\/"},{"@type":"ListItem","position":2,"name":"S\u00e9ptimo Cielo &#8211; Masajes Er\u00f3ticos en C\u00f3rdoba","item":"https:\/\/septimocielocordoba.com\/"},{"@type":"ListItem","position":3,"name":"Erika"}]},{"@type":"WebSite","@id":"https:\/\/septimocielocordoba.com\/#website","url":"https:\/\/septimocielocordoba.com\/","name":"Seventh heaven","description":"Erotic massages in C\u00f3rdoba","publisher":{"@id":"https:\/\/septimocielocordoba.com\/#organization"},"potentialAction":[{"@type":"SearchAction","target":{"@type":"EntryPoint","urlTemplate":"https:\/\/septimocielocordoba.com\/?s={search_term_string}"},"query-input":{"@type":"PropertyValueSpecification","valueRequired":true,"valueName":"search_term_string"}}],"inLanguage":"en-US"},{"@type":"Organization","@id":"https:\/\/septimocielocordoba.com\/#organization","name":"Seventh heaven","url":"https:\/\/septimocielocordoba.com\/","logo":{"@type":"ImageObject","inLanguage":"en-US","@id":"https:\/\/septimocielocordoba.com\/#\/schema\/logo\/image\/","url":"https:\/\/septimocielocordoba.com\/wp-content\/uploads\/2025\/03\/7icon.png","contentUrl":"https:\/\/septimocielocordoba.com\/wp-content\/uploads\/2025\/03\/7icon.png","width":300,"height":300,"caption":"Septimo Cielo"},"image":{"@id":"https:\/\/septimocielocordoba.com\/#\/schema\/logo\/image\/"}}]}},"_links":{"self":[{"href":"https:\/\/septimocielocordoba.com\/en\/wp-json\/wp\/v2\/product\/1386","targetHints":{"allow":["GET"]}}],"collection":[{"href":"https:\/\/septimocielocordoba.com\/en\/wp-json\/wp\/v2\/product"}],"about":[{"href":"https:\/\/septimocielocordoba.com\/en\/wp-json\/wp\/v2\/types\/product"}],"replies":[{"embeddable":true,"href":"https:\/\/septimocielocordoba.com\/en\/wp-json\/wp\/v2\/comments?post=1386"}],"version-history":[{"count":1,"href":"https:\/\/septimocielocordoba.com\/en\/wp-json\/wp\/v2\/product\/1386\/revisions"}],"predecessor-version":[{"id":1391,"href":"https:\/\/septimocielocordoba.com\/en\/wp-json\/wp\/v2\/product\/1386\/revisions\/1391"}],"wp:featuredmedia":[{"embeddable":true,"href":"https:\/\/septimocielocordoba.com\/en\/wp-json\/wp\/v2\/media\/1387"}],"wp:attachment":[{"href":"https:\/\/septimocielocordoba.com\/en\/wp-json\/wp\/v2\/media?parent=1386"}],"wp:term":[{"taxonomy":"product_brand","embeddable":true,"href":"https:\/\/septimocielocordoba.com\/en\/wp-json\/wp\/v2\/product_brand?post=1386"},{"taxonomy":"product_cat","embeddable":true,"href":"https:\/\/septimocielocordoba.com\/en\/wp-json\/wp\/v2\/product_cat?post=1386"},{"taxonomy":"product_tag","embeddable":true,"href":"https:\/\/septimocielocordoba.com\/en\/wp-json\/wp\/v2\/product_tag?post=1386"}],"curies":[{"name":"wp","href":"https:\/\/api.w.org\/{rel}","templated":true}]}}