{"id":1270,"date":"2026-03-05T11:20:11","date_gmt":"2026-03-05T10:20:11","guid":{"rendered":"https:\/\/septimocielocordoba.com\/?post_type=product&#038;p=1270"},"modified":"2026-04-13T15:57:32","modified_gmt":"2026-04-13T13:57:32","slug":"yara","status":"publish","type":"product","link":"https:\/\/septimocielocordoba.com\/en\/m\/yara\/","title":{"rendered":"Yara"},"content":{"rendered":"<p>Yara es una mujer que destaca por su <b>presencia elegante y natural<\/b>, una combinaci\u00f3n perfecta de dulzura, feminidad y sensualidad discreta. Cordobesa de 28 a\u00f1os, con <b>1,65 de altura<\/b>, posee una figura armoniosa y muy femenina que transmite cercan\u00eda y confianza desde el primer momento.<\/p>\n<p>Su <b>piel clara y suave<\/b>, junto con sus <b>ojos claros llenos de luz<\/b>, crean una mirada dif\u00edcil de olvidar. Su silueta delicada, con un <b>cuerpo bonito y bien proporcionado<\/b>, resalta por su elegancia natural y una feminidad que se percibe en cada gesto. Su pecho generoso y su talla 36 completan una figura que combina sensualidad y delicadeza de una forma muy especial.<\/p>\n<p>Pero Yara no solo destaca por su belleza. Tiene una <b>actitud dulce, atenta y muy cercana<\/b>, con una manera de tratar que hace que cada persona se sienta c\u00f3moda y especial. Su presencia transmite calma, calidez y ese toque de complicidad que convierte cada encuentro en un momento \u00edntimo y diferente.<\/p>\n<p>Es una mujer que invita a <b>desconectar del mundo exterior<\/b>, a relajarse y dejarse llevar por un ambiente cuidado, elegante y lleno de sensaciones. Su estilo es <b>sutil, femenino y muy natural<\/b>, ideal para quienes valoran la elegancia, la atenci\u00f3n y los peque\u00f1os detalles.<\/p>\n<p>Yara llega para convertirse en una de esas presencias que no se olvidan f\u00e1cilmente\u2026 una mezcla de encanto, suavidad y sensualidad que merece ser descubierta. \u2728<\/p>","protected":false},"excerpt":{"rendered":"<p>Yara es una mujer que destaca por su presencia elegante y natural, una combinaci\u00f3n perfecta de dulzura, feminidad y sensualidad discreta. Cordobesa de 28 a\u00f1os, con 1,65 de altura, posee una figura armoniosa y muy femenina que transmite cercan\u00eda y confianza desde el primer momento. Su piel clara y suave, junto con sus ojos claros [&hellip;]<\/p>","protected":false},"featured_media":1329,"comment_status":"open","ping_status":"closed","template":"","meta":{"_joinchat":[]},"product_brand":[],"product_cat":[78,83],"product_tag":[],"class_list":{"0":"post-1270","1":"product","2":"type-product","3":"status-publish","4":"has-post-thumbnail","6":"product_cat-chicas","7":"product_cat-novedades","9":"first","10":"instock","11":"virtual","12":"product-type-simple"},"yoast_head":"<!-- This site is optimized with the Yoast SEO plugin v26.8 - https:\/\/yoast.com\/product\/yoast-seo-wordpress\/ -->\n<title>Yara - Septimo Cielo<\/title>\n<meta name=\"robots\" content=\"index, follow, max-snippet:-1, max-image-preview:large, max-video-preview:-1\" \/>\n<link rel=\"canonical\" href=\"https:\/\/septimocielocordoba.com\/en\/m\/yara\/\" \/>\n<meta property=\"og:locale\" content=\"en_US\" \/>\n<meta property=\"og:type\" content=\"article\" \/>\n<meta property=\"og:title\" content=\"Yara - Septimo Cielo\" \/>\n<meta property=\"og:description\" content=\"Yara es una mujer que destaca por su presencia elegante y natural, una combinaci\u00f3n perfecta de dulzura, feminidad y sensualidad discreta. Cordobesa de 28 a\u00f1os, con 1,65 de altura, posee una figura armoniosa y muy femenina que transmite cercan\u00eda y confianza desde el primer momento. Su piel clara y suave, junto con sus ojos claros [&hellip;]\" \/>\n<meta property=\"og:url\" content=\"https:\/\/septimocielocordoba.com\/en\/m\/yara\/\" \/>\n<meta property=\"og:site_name\" content=\"Septimo Cielo\" \/>\n<meta property=\"article:modified_time\" content=\"2026-04-13T13:57:32+00:00\" \/>\n<meta property=\"og:image\" content=\"https:\/\/septimocielocordoba.com\/wp-content\/uploads\/2026\/03\/Yara-p.jpg\" \/>\n\t<meta property=\"og:image:width\" content=\"988\" \/>\n\t<meta property=\"og:image:height\" content=\"1400\" \/>\n\t<meta property=\"og:image:type\" content=\"image\/jpeg\" \/>\n<meta name=\"twitter:card\" content=\"summary_large_image\" \/>\n<meta name=\"twitter:label1\" content=\"Est. reading time\" \/>\n\t<meta name=\"twitter:data1\" content=\"2 minutes\" \/>\n<script type=\"application\/ld+json\" class=\"yoast-schema-graph\">{\"@context\":\"https:\/\/schema.org\",\"@graph\":[{\"@type\":\"WebPage\",\"@id\":\"https:\/\/septimocielocordoba.com\/m\/yara\/\",\"url\":\"https:\/\/septimocielocordoba.com\/m\/yara\/\",\"name\":\"Yara - Septimo Cielo\",\"isPartOf\":{\"@id\":\"https:\/\/septimocielocordoba.com\/#website\"},\"primaryImageOfPage\":{\"@id\":\"https:\/\/septimocielocordoba.com\/m\/yara\/#primaryimage\"},\"image\":{\"@id\":\"https:\/\/septimocielocordoba.com\/m\/yara\/#primaryimage\"},\"thumbnailUrl\":\"https:\/\/septimocielocordoba.com\/wp-content\/uploads\/2026\/03\/Yara-p.jpg\",\"datePublished\":\"2026-03-05T10:20:11+00:00\",\"dateModified\":\"2026-04-13T13:57:32+00:00\",\"breadcrumb\":{\"@id\":\"https:\/\/septimocielocordoba.com\/m\/yara\/#breadcrumb\"},\"inLanguage\":\"en-US\",\"potentialAction\":[{\"@type\":\"ReadAction\",\"target\":[\"https:\/\/septimocielocordoba.com\/m\/yara\/\"]}]},{\"@type\":\"ImageObject\",\"inLanguage\":\"en-US\",\"@id\":\"https:\/\/septimocielocordoba.com\/m\/yara\/#primaryimage\",\"url\":\"https:\/\/septimocielocordoba.com\/wp-content\/uploads\/2026\/03\/Yara-p.jpg\",\"contentUrl\":\"https:\/\/septimocielocordoba.com\/wp-content\/uploads\/2026\/03\/Yara-p.jpg\",\"width\":988,\"height\":1400},{\"@type\":\"BreadcrumbList\",\"@id\":\"https:\/\/septimocielocordoba.com\/m\/yara\/#breadcrumb\",\"itemListElement\":[{\"@type\":\"ListItem\",\"position\":1,\"name\":\"Portada\",\"item\":\"https:\/\/septimocielocordoba.com\/\"},{\"@type\":\"ListItem\",\"position\":2,\"name\":\"S\u00e9ptimo Cielo &#8211; Masajes Er\u00f3ticos en C\u00f3rdoba\",\"item\":\"https:\/\/septimocielocordoba.com\/\"},{\"@type\":\"ListItem\",\"position\":3,\"name\":\"Yara\"}]},{\"@type\":\"WebSite\",\"@id\":\"https:\/\/septimocielocordoba.com\/#website\",\"url\":\"https:\/\/septimocielocordoba.com\/\",\"name\":\"Septimo Cielo\",\"description\":\"Masajes er\u00f3ticos en C\u00f3rdoba\",\"publisher\":{\"@id\":\"https:\/\/septimocielocordoba.com\/#organization\"},\"potentialAction\":[{\"@type\":\"SearchAction\",\"target\":{\"@type\":\"EntryPoint\",\"urlTemplate\":\"https:\/\/septimocielocordoba.com\/?s={search_term_string}\"},\"query-input\":{\"@type\":\"PropertyValueSpecification\",\"valueRequired\":true,\"valueName\":\"search_term_string\"}}],\"inLanguage\":\"en-US\"},{\"@type\":\"Organization\",\"@id\":\"https:\/\/septimocielocordoba.com\/#organization\",\"name\":\"Septimo Cielo\",\"url\":\"https:\/\/septimocielocordoba.com\/\",\"logo\":{\"@type\":\"ImageObject\",\"inLanguage\":\"en-US\",\"@id\":\"https:\/\/septimocielocordoba.com\/#\/schema\/logo\/image\/\",\"url\":\"https:\/\/septimocielocordoba.com\/wp-content\/uploads\/2025\/03\/7icon.png\",\"contentUrl\":\"https:\/\/septimocielocordoba.com\/wp-content\/uploads\/2025\/03\/7icon.png\",\"width\":300,\"height\":300,\"caption\":\"Septimo Cielo\"},\"image\":{\"@id\":\"https:\/\/septimocielocordoba.com\/#\/schema\/logo\/image\/\"}}]}<\/script>\n<!-- \/ Yoast SEO plugin. -->","yoast_head_json":{"title":"Yara - Septimo Cielo","robots":{"index":"index","follow":"follow","max-snippet":"max-snippet:-1","max-image-preview":"max-image-preview:large","max-video-preview":"max-video-preview:-1"},"canonical":"https:\/\/septimocielocordoba.com\/en\/m\/yara\/","og_locale":"en_US","og_type":"article","og_title":"Yara - Septimo Cielo","og_description":"Yara es una mujer que destaca por su presencia elegante y natural, una combinaci\u00f3n perfecta de dulzura, feminidad y sensualidad discreta. Cordobesa de 28 a\u00f1os, con 1,65 de altura, posee una figura armoniosa y muy femenina que transmite cercan\u00eda y confianza desde el primer momento. Su piel clara y suave, junto con sus ojos claros [&hellip;]","og_url":"https:\/\/septimocielocordoba.com\/en\/m\/yara\/","og_site_name":"Septimo Cielo","article_modified_time":"2026-04-13T13:57:32+00:00","og_image":[{"width":988,"height":1400,"url":"https:\/\/septimocielocordoba.com\/wp-content\/uploads\/2026\/03\/Yara-p.jpg","type":"image\/jpeg"}],"twitter_card":"summary_large_image","twitter_misc":{"Est. reading time":"2 minutes"},"schema":{"@context":"https:\/\/schema.org","@graph":[{"@type":"WebPage","@id":"https:\/\/septimocielocordoba.com\/m\/yara\/","url":"https:\/\/septimocielocordoba.com\/m\/yara\/","name":"Yara - Septimo Cielo","isPartOf":{"@id":"https:\/\/septimocielocordoba.com\/#website"},"primaryImageOfPage":{"@id":"https:\/\/septimocielocordoba.com\/m\/yara\/#primaryimage"},"image":{"@id":"https:\/\/septimocielocordoba.com\/m\/yara\/#primaryimage"},"thumbnailUrl":"https:\/\/septimocielocordoba.com\/wp-content\/uploads\/2026\/03\/Yara-p.jpg","datePublished":"2026-03-05T10:20:11+00:00","dateModified":"2026-04-13T13:57:32+00:00","breadcrumb":{"@id":"https:\/\/septimocielocordoba.com\/m\/yara\/#breadcrumb"},"inLanguage":"en-US","potentialAction":[{"@type":"ReadAction","target":["https:\/\/septimocielocordoba.com\/m\/yara\/"]}]},{"@type":"ImageObject","inLanguage":"en-US","@id":"https:\/\/septimocielocordoba.com\/m\/yara\/#primaryimage","url":"https:\/\/septimocielocordoba.com\/wp-content\/uploads\/2026\/03\/Yara-p.jpg","contentUrl":"https:\/\/septimocielocordoba.com\/wp-content\/uploads\/2026\/03\/Yara-p.jpg","width":988,"height":1400},{"@type":"BreadcrumbList","@id":"https:\/\/septimocielocordoba.com\/m\/yara\/#breadcrumb","itemListElement":[{"@type":"ListItem","position":1,"name":"Portada","item":"https:\/\/septimocielocordoba.com\/"},{"@type":"ListItem","position":2,"name":"S\u00e9ptimo Cielo &#8211; Masajes Er\u00f3ticos en C\u00f3rdoba","item":"https:\/\/septimocielocordoba.com\/"},{"@type":"ListItem","position":3,"name":"Yara"}]},{"@type":"WebSite","@id":"https:\/\/septimocielocordoba.com\/#website","url":"https:\/\/septimocielocordoba.com\/","name":"Seventh heaven","description":"Erotic massages in C\u00f3rdoba","publisher":{"@id":"https:\/\/septimocielocordoba.com\/#organization"},"potentialAction":[{"@type":"SearchAction","target":{"@type":"EntryPoint","urlTemplate":"https:\/\/septimocielocordoba.com\/?s={search_term_string}"},"query-input":{"@type":"PropertyValueSpecification","valueRequired":true,"valueName":"search_term_string"}}],"inLanguage":"en-US"},{"@type":"Organization","@id":"https:\/\/septimocielocordoba.com\/#organization","name":"Seventh heaven","url":"https:\/\/septimocielocordoba.com\/","logo":{"@type":"ImageObject","inLanguage":"en-US","@id":"https:\/\/septimocielocordoba.com\/#\/schema\/logo\/image\/","url":"https:\/\/septimocielocordoba.com\/wp-content\/uploads\/2025\/03\/7icon.png","contentUrl":"https:\/\/septimocielocordoba.com\/wp-content\/uploads\/2025\/03\/7icon.png","width":300,"height":300,"caption":"Septimo Cielo"},"image":{"@id":"https:\/\/septimocielocordoba.com\/#\/schema\/logo\/image\/"}}]}},"_links":{"self":[{"href":"https:\/\/septimocielocordoba.com\/en\/wp-json\/wp\/v2\/product\/1270","targetHints":{"allow":["GET"]}}],"collection":[{"href":"https:\/\/septimocielocordoba.com\/en\/wp-json\/wp\/v2\/product"}],"about":[{"href":"https:\/\/septimocielocordoba.com\/en\/wp-json\/wp\/v2\/types\/product"}],"replies":[{"embeddable":true,"href":"https:\/\/septimocielocordoba.com\/en\/wp-json\/wp\/v2\/comments?post=1270"}],"version-history":[{"count":1,"href":"https:\/\/septimocielocordoba.com\/en\/wp-json\/wp\/v2\/product\/1270\/revisions"}],"predecessor-version":[{"id":1271,"href":"https:\/\/septimocielocordoba.com\/en\/wp-json\/wp\/v2\/product\/1270\/revisions\/1271"}],"wp:featuredmedia":[{"embeddable":true,"href":"https:\/\/septimocielocordoba.com\/en\/wp-json\/wp\/v2\/media\/1329"}],"wp:attachment":[{"href":"https:\/\/septimocielocordoba.com\/en\/wp-json\/wp\/v2\/media?parent=1270"}],"wp:term":[{"taxonomy":"product_brand","embeddable":true,"href":"https:\/\/septimocielocordoba.com\/en\/wp-json\/wp\/v2\/product_brand?post=1270"},{"taxonomy":"product_cat","embeddable":true,"href":"https:\/\/septimocielocordoba.com\/en\/wp-json\/wp\/v2\/product_cat?post=1270"},{"taxonomy":"product_tag","embeddable":true,"href":"https:\/\/septimocielocordoba.com\/en\/wp-json\/wp\/v2\/product_tag?post=1270"}],"curies":[{"name":"wp","href":"https:\/\/api.w.org\/{rel}","templated":true}]}}