{"id":1108,"date":"2026-01-16T11:04:27","date_gmt":"2026-01-16T10:04:27","guid":{"rendered":"https:\/\/septimocielocordoba.com\/?post_type=product&#038;p=1108"},"modified":"2026-04-13T15:53:03","modified_gmt":"2026-04-13T13:53:03","slug":"gala","status":"publish","type":"product","link":"https:\/\/septimocielocordoba.com\/en\/m\/gala\/","title":{"rendered":"Gala"},"content":{"rendered":"<p>Gala es pura tentaci\u00f3n envuelta en juventud.<\/p>\n<p>Cordobesa, cercana y con una mirada que promete m\u00e1s de lo que dice, posee esa mezcla peligrosa de dulzura y picard\u00eda que atrapa desde el primer segundo.<\/p>\n<p>Con 1,65 de estatura y una silueta irresistiblemente femenina, su cuerpo dibuja curvas finas y muy bien marcadas, rematadas por un trasero abundante y perfectamente moldeado que no pasa desapercibido. Su piel canela, suave y luminosa, invita al tacto, mientras sus labios carnosos y su sonrisa traviesa despiertan el deseo casi sin esfuerzo.<\/p>\n<p>Gala sabe provocar con sutileza.<\/p>\n<p>Es dulce cuando se acerca, intensa cuando se mueve y tremendamente sugerente en cada gesto. Transmite calor, cercan\u00eda y una energ\u00eda joven que enciende los sentidos y relaja la mente.<\/p>\n<p>Una nueva incorporaci\u00f3n que no se olvida f\u00e1cilmente.<\/p>\n<p>Una experiencia que se siente\u2026<\/p>\n<p>y se desea repetir.<\/p>","protected":false},"excerpt":{"rendered":"<p>Gala es pura tentaci\u00f3n envuelta en juventud. Cordobesa, cercana y con una mirada que promete m\u00e1s de lo que dice, posee esa mezcla peligrosa de dulzura y picard\u00eda que atrapa desde el primer segundo. Con 1,65 de estatura y una silueta irresistiblemente femenina, su cuerpo dibuja curvas finas y muy bien marcadas, rematadas por un [&hellip;]<\/p>","protected":false},"featured_media":1297,"comment_status":"open","ping_status":"closed","template":"","meta":{"_joinchat":[]},"product_brand":[],"product_cat":[78,83],"product_tag":[],"class_list":{"0":"post-1108","1":"product","2":"type-product","3":"status-publish","4":"has-post-thumbnail","6":"product_cat-chicas","7":"product_cat-novedades","9":"first","10":"instock","11":"virtual","12":"product-type-simple"},"yoast_head":"<!-- This site is optimized with the Yoast SEO plugin v26.8 - https:\/\/yoast.com\/product\/yoast-seo-wordpress\/ -->\n<title>Gala - Septimo Cielo<\/title>\n<meta name=\"robots\" content=\"index, follow, max-snippet:-1, max-image-preview:large, max-video-preview:-1\" \/>\n<link rel=\"canonical\" href=\"https:\/\/septimocielocordoba.com\/en\/m\/gala\/\" \/>\n<meta property=\"og:locale\" content=\"en_US\" \/>\n<meta property=\"og:type\" content=\"article\" \/>\n<meta property=\"og:title\" content=\"Gala - Septimo Cielo\" \/>\n<meta property=\"og:description\" content=\"Gala es pura tentaci\u00f3n envuelta en juventud. Cordobesa, cercana y con una mirada que promete m\u00e1s de lo que dice, posee esa mezcla peligrosa de dulzura y picard\u00eda que atrapa desde el primer segundo. Con 1,65 de estatura y una silueta irresistiblemente femenina, su cuerpo dibuja curvas finas y muy bien marcadas, rematadas por un [&hellip;]\" \/>\n<meta property=\"og:url\" content=\"https:\/\/septimocielocordoba.com\/en\/m\/gala\/\" \/>\n<meta property=\"og:site_name\" content=\"Septimo Cielo\" \/>\n<meta property=\"article:modified_time\" content=\"2026-04-13T13:53:03+00:00\" \/>\n<meta property=\"og:image\" content=\"https:\/\/septimocielocordoba.com\/wp-content\/uploads\/2026\/01\/Gala-principal.jpg\" \/>\n\t<meta property=\"og:image:width\" content=\"988\" \/>\n\t<meta property=\"og:image:height\" content=\"1400\" \/>\n\t<meta property=\"og:image:type\" content=\"image\/jpeg\" \/>\n<meta name=\"twitter:card\" content=\"summary_large_image\" \/>\n<meta name=\"twitter:label1\" content=\"Est. reading time\" \/>\n\t<meta name=\"twitter:data1\" content=\"1 minute\" \/>\n<script type=\"application\/ld+json\" class=\"yoast-schema-graph\">{\"@context\":\"https:\/\/schema.org\",\"@graph\":[{\"@type\":\"WebPage\",\"@id\":\"https:\/\/septimocielocordoba.com\/m\/gala\/\",\"url\":\"https:\/\/septimocielocordoba.com\/m\/gala\/\",\"name\":\"Gala - Septimo Cielo\",\"isPartOf\":{\"@id\":\"https:\/\/septimocielocordoba.com\/#website\"},\"primaryImageOfPage\":{\"@id\":\"https:\/\/septimocielocordoba.com\/m\/gala\/#primaryimage\"},\"image\":{\"@id\":\"https:\/\/septimocielocordoba.com\/m\/gala\/#primaryimage\"},\"thumbnailUrl\":\"https:\/\/septimocielocordoba.com\/wp-content\/uploads\/2026\/01\/Gala-principal.jpg\",\"datePublished\":\"2026-01-16T10:04:27+00:00\",\"dateModified\":\"2026-04-13T13:53:03+00:00\",\"breadcrumb\":{\"@id\":\"https:\/\/septimocielocordoba.com\/m\/gala\/#breadcrumb\"},\"inLanguage\":\"en-US\",\"potentialAction\":[{\"@type\":\"ReadAction\",\"target\":[\"https:\/\/septimocielocordoba.com\/m\/gala\/\"]}]},{\"@type\":\"ImageObject\",\"inLanguage\":\"en-US\",\"@id\":\"https:\/\/septimocielocordoba.com\/m\/gala\/#primaryimage\",\"url\":\"https:\/\/septimocielocordoba.com\/wp-content\/uploads\/2026\/01\/Gala-principal.jpg\",\"contentUrl\":\"https:\/\/septimocielocordoba.com\/wp-content\/uploads\/2026\/01\/Gala-principal.jpg\",\"width\":988,\"height\":1400},{\"@type\":\"BreadcrumbList\",\"@id\":\"https:\/\/septimocielocordoba.com\/m\/gala\/#breadcrumb\",\"itemListElement\":[{\"@type\":\"ListItem\",\"position\":1,\"name\":\"Portada\",\"item\":\"https:\/\/septimocielocordoba.com\/\"},{\"@type\":\"ListItem\",\"position\":2,\"name\":\"S\u00e9ptimo Cielo &#8211; Masajes Er\u00f3ticos en C\u00f3rdoba\",\"item\":\"https:\/\/septimocielocordoba.com\/\"},{\"@type\":\"ListItem\",\"position\":3,\"name\":\"Gala\"}]},{\"@type\":\"WebSite\",\"@id\":\"https:\/\/septimocielocordoba.com\/#website\",\"url\":\"https:\/\/septimocielocordoba.com\/\",\"name\":\"Septimo Cielo\",\"description\":\"Masajes er\u00f3ticos en C\u00f3rdoba\",\"publisher\":{\"@id\":\"https:\/\/septimocielocordoba.com\/#organization\"},\"potentialAction\":[{\"@type\":\"SearchAction\",\"target\":{\"@type\":\"EntryPoint\",\"urlTemplate\":\"https:\/\/septimocielocordoba.com\/?s={search_term_string}\"},\"query-input\":{\"@type\":\"PropertyValueSpecification\",\"valueRequired\":true,\"valueName\":\"search_term_string\"}}],\"inLanguage\":\"en-US\"},{\"@type\":\"Organization\",\"@id\":\"https:\/\/septimocielocordoba.com\/#organization\",\"name\":\"Septimo Cielo\",\"url\":\"https:\/\/septimocielocordoba.com\/\",\"logo\":{\"@type\":\"ImageObject\",\"inLanguage\":\"en-US\",\"@id\":\"https:\/\/septimocielocordoba.com\/#\/schema\/logo\/image\/\",\"url\":\"https:\/\/septimocielocordoba.com\/wp-content\/uploads\/2025\/03\/7icon.png\",\"contentUrl\":\"https:\/\/septimocielocordoba.com\/wp-content\/uploads\/2025\/03\/7icon.png\",\"width\":300,\"height\":300,\"caption\":\"Septimo Cielo\"},\"image\":{\"@id\":\"https:\/\/septimocielocordoba.com\/#\/schema\/logo\/image\/\"}}]}<\/script>\n<!-- \/ Yoast SEO plugin. -->","yoast_head_json":{"title":"Gala - Septimo Cielo","robots":{"index":"index","follow":"follow","max-snippet":"max-snippet:-1","max-image-preview":"max-image-preview:large","max-video-preview":"max-video-preview:-1"},"canonical":"https:\/\/septimocielocordoba.com\/en\/m\/gala\/","og_locale":"en_US","og_type":"article","og_title":"Gala - Septimo Cielo","og_description":"Gala es pura tentaci\u00f3n envuelta en juventud. Cordobesa, cercana y con una mirada que promete m\u00e1s de lo que dice, posee esa mezcla peligrosa de dulzura y picard\u00eda que atrapa desde el primer segundo. Con 1,65 de estatura y una silueta irresistiblemente femenina, su cuerpo dibuja curvas finas y muy bien marcadas, rematadas por un [&hellip;]","og_url":"https:\/\/septimocielocordoba.com\/en\/m\/gala\/","og_site_name":"Septimo Cielo","article_modified_time":"2026-04-13T13:53:03+00:00","og_image":[{"width":988,"height":1400,"url":"https:\/\/septimocielocordoba.com\/wp-content\/uploads\/2026\/01\/Gala-principal.jpg","type":"image\/jpeg"}],"twitter_card":"summary_large_image","twitter_misc":{"Est. reading time":"1 minute"},"schema":{"@context":"https:\/\/schema.org","@graph":[{"@type":"WebPage","@id":"https:\/\/septimocielocordoba.com\/m\/gala\/","url":"https:\/\/septimocielocordoba.com\/m\/gala\/","name":"Gala - Septimo Cielo","isPartOf":{"@id":"https:\/\/septimocielocordoba.com\/#website"},"primaryImageOfPage":{"@id":"https:\/\/septimocielocordoba.com\/m\/gala\/#primaryimage"},"image":{"@id":"https:\/\/septimocielocordoba.com\/m\/gala\/#primaryimage"},"thumbnailUrl":"https:\/\/septimocielocordoba.com\/wp-content\/uploads\/2026\/01\/Gala-principal.jpg","datePublished":"2026-01-16T10:04:27+00:00","dateModified":"2026-04-13T13:53:03+00:00","breadcrumb":{"@id":"https:\/\/septimocielocordoba.com\/m\/gala\/#breadcrumb"},"inLanguage":"en-US","potentialAction":[{"@type":"ReadAction","target":["https:\/\/septimocielocordoba.com\/m\/gala\/"]}]},{"@type":"ImageObject","inLanguage":"en-US","@id":"https:\/\/septimocielocordoba.com\/m\/gala\/#primaryimage","url":"https:\/\/septimocielocordoba.com\/wp-content\/uploads\/2026\/01\/Gala-principal.jpg","contentUrl":"https:\/\/septimocielocordoba.com\/wp-content\/uploads\/2026\/01\/Gala-principal.jpg","width":988,"height":1400},{"@type":"BreadcrumbList","@id":"https:\/\/septimocielocordoba.com\/m\/gala\/#breadcrumb","itemListElement":[{"@type":"ListItem","position":1,"name":"Portada","item":"https:\/\/septimocielocordoba.com\/"},{"@type":"ListItem","position":2,"name":"S\u00e9ptimo Cielo &#8211; Masajes Er\u00f3ticos en C\u00f3rdoba","item":"https:\/\/septimocielocordoba.com\/"},{"@type":"ListItem","position":3,"name":"Gala"}]},{"@type":"WebSite","@id":"https:\/\/septimocielocordoba.com\/#website","url":"https:\/\/septimocielocordoba.com\/","name":"Seventh heaven","description":"Erotic massages in C\u00f3rdoba","publisher":{"@id":"https:\/\/septimocielocordoba.com\/#organization"},"potentialAction":[{"@type":"SearchAction","target":{"@type":"EntryPoint","urlTemplate":"https:\/\/septimocielocordoba.com\/?s={search_term_string}"},"query-input":{"@type":"PropertyValueSpecification","valueRequired":true,"valueName":"search_term_string"}}],"inLanguage":"en-US"},{"@type":"Organization","@id":"https:\/\/septimocielocordoba.com\/#organization","name":"Seventh heaven","url":"https:\/\/septimocielocordoba.com\/","logo":{"@type":"ImageObject","inLanguage":"en-US","@id":"https:\/\/septimocielocordoba.com\/#\/schema\/logo\/image\/","url":"https:\/\/septimocielocordoba.com\/wp-content\/uploads\/2025\/03\/7icon.png","contentUrl":"https:\/\/septimocielocordoba.com\/wp-content\/uploads\/2025\/03\/7icon.png","width":300,"height":300,"caption":"Septimo Cielo"},"image":{"@id":"https:\/\/septimocielocordoba.com\/#\/schema\/logo\/image\/"}}]}},"_links":{"self":[{"href":"https:\/\/septimocielocordoba.com\/en\/wp-json\/wp\/v2\/product\/1108","targetHints":{"allow":["GET"]}}],"collection":[{"href":"https:\/\/septimocielocordoba.com\/en\/wp-json\/wp\/v2\/product"}],"about":[{"href":"https:\/\/septimocielocordoba.com\/en\/wp-json\/wp\/v2\/types\/product"}],"replies":[{"embeddable":true,"href":"https:\/\/septimocielocordoba.com\/en\/wp-json\/wp\/v2\/comments?post=1108"}],"version-history":[{"count":1,"href":"https:\/\/septimocielocordoba.com\/en\/wp-json\/wp\/v2\/product\/1108\/revisions"}],"predecessor-version":[{"id":1109,"href":"https:\/\/septimocielocordoba.com\/en\/wp-json\/wp\/v2\/product\/1108\/revisions\/1109"}],"wp:featuredmedia":[{"embeddable":true,"href":"https:\/\/septimocielocordoba.com\/en\/wp-json\/wp\/v2\/media\/1297"}],"wp:attachment":[{"href":"https:\/\/septimocielocordoba.com\/en\/wp-json\/wp\/v2\/media?parent=1108"}],"wp:term":[{"taxonomy":"product_brand","embeddable":true,"href":"https:\/\/septimocielocordoba.com\/en\/wp-json\/wp\/v2\/product_brand?post=1108"},{"taxonomy":"product_cat","embeddable":true,"href":"https:\/\/septimocielocordoba.com\/en\/wp-json\/wp\/v2\/product_cat?post=1108"},{"taxonomy":"product_tag","embeddable":true,"href":"https:\/\/septimocielocordoba.com\/en\/wp-json\/wp\/v2\/product_tag?post=1108"}],"curies":[{"name":"wp","href":"https:\/\/api.w.org\/{rel}","templated":true}]}}