{"id":1054,"date":"2025-11-23T00:26:50","date_gmt":"2025-11-22T23:26:50","guid":{"rendered":"https:\/\/septimocielocordoba.com\/?post_type=product&#038;p=1054"},"modified":"2026-04-01T15:55:03","modified_gmt":"2026-04-01T13:55:03","slug":"nicol","status":"publish","type":"product","link":"https:\/\/septimocielocordoba.com\/en\/m\/nicol\/","title":{"rendered":"Nicol"},"content":{"rendered":"<p>Nicol llega a S\u00e9ptimo Cielo con una energ\u00eda que enamora desde el primer instante: una mezcla perfecta de alegr\u00eda, sensualidad y cercan\u00eda.<\/p>\n<p>Su pecho abundante y precioso, su cuerpo bien proporcionado, y esos ojos grandes y expresivos que brillan cuando sonr\u00ede, convierten cada encuentro con ella en una experiencia irresistible.<\/p>\n<p>Rubia, labios carnosos, de 1,65\u2026 Nicol es la definici\u00f3n de una mujer elegante, dulce y explosiva a la vez.<\/p>\n<p>Una compa\u00f1\u00eda que te envuelve, que sabe conectar, y que har\u00e1 de tu visita un momento dif\u00edcil de olvidar.<\/p>\n<p>Desc\u00fabrela. Disfr\u00fatala. D\u00e9jate llevar.<\/p>","protected":false},"excerpt":{"rendered":"<p>Nicol llega a S\u00e9ptimo Cielo con una energ\u00eda que enamora desde el primer instante: una mezcla perfecta de alegr\u00eda, sensualidad y cercan\u00eda. Su pecho abundante y precioso, su cuerpo bien proporcionado, y esos ojos grandes y expresivos que brillan cuando sonr\u00ede, convierten cada encuentro con ella en una experiencia irresistible. Rubia, labios carnosos, de 1,65\u2026 [&hellip;]<\/p>","protected":false},"featured_media":1308,"comment_status":"open","ping_status":"closed","template":"","meta":{"_joinchat":[]},"product_brand":[],"product_cat":[78,83],"product_tag":[],"class_list":{"0":"post-1054","1":"product","2":"type-product","3":"status-publish","4":"has-post-thumbnail","6":"product_cat-chicas","7":"product_cat-novedades","9":"first","10":"instock","11":"virtual","12":"product-type-simple"},"yoast_head":"<!-- This site is optimized with the Yoast SEO plugin v26.8 - https:\/\/yoast.com\/product\/yoast-seo-wordpress\/ -->\n<title>Nicol - Septimo Cielo<\/title>\n<meta name=\"robots\" content=\"index, follow, max-snippet:-1, max-image-preview:large, max-video-preview:-1\" \/>\n<link rel=\"canonical\" href=\"https:\/\/septimocielocordoba.com\/en\/m\/nicol\/\" \/>\n<meta property=\"og:locale\" content=\"en_US\" \/>\n<meta property=\"og:type\" content=\"article\" \/>\n<meta property=\"og:title\" content=\"Nicol - Septimo Cielo\" \/>\n<meta property=\"og:description\" content=\"Nicol llega a S\u00e9ptimo Cielo con una energ\u00eda que enamora desde el primer instante: una mezcla perfecta de alegr\u00eda, sensualidad y cercan\u00eda. Su pecho abundante y precioso, su cuerpo bien proporcionado, y esos ojos grandes y expresivos que brillan cuando sonr\u00ede, convierten cada encuentro con ella en una experiencia irresistible. Rubia, labios carnosos, de 1,65\u2026 [&hellip;]\" \/>\n<meta property=\"og:url\" content=\"https:\/\/septimocielocordoba.com\/en\/m\/nicol\/\" \/>\n<meta property=\"og:site_name\" content=\"Septimo Cielo\" \/>\n<meta property=\"article:modified_time\" content=\"2026-04-01T13:55:03+00:00\" \/>\n<meta property=\"og:image\" content=\"https:\/\/septimocielocordoba.com\/wp-content\/uploads\/2025\/11\/Nicol-principal.jpg\" \/>\n\t<meta property=\"og:image:width\" content=\"988\" \/>\n\t<meta property=\"og:image:height\" content=\"1400\" \/>\n\t<meta property=\"og:image:type\" content=\"image\/jpeg\" \/>\n<meta name=\"twitter:card\" content=\"summary_large_image\" \/>\n<meta name=\"twitter:label1\" content=\"Est. reading time\" \/>\n\t<meta name=\"twitter:data1\" content=\"1 minute\" \/>\n<script type=\"application\/ld+json\" class=\"yoast-schema-graph\">{\"@context\":\"https:\/\/schema.org\",\"@graph\":[{\"@type\":\"WebPage\",\"@id\":\"https:\/\/septimocielocordoba.com\/m\/nicol\/\",\"url\":\"https:\/\/septimocielocordoba.com\/m\/nicol\/\",\"name\":\"Nicol - Septimo Cielo\",\"isPartOf\":{\"@id\":\"https:\/\/septimocielocordoba.com\/#website\"},\"primaryImageOfPage\":{\"@id\":\"https:\/\/septimocielocordoba.com\/m\/nicol\/#primaryimage\"},\"image\":{\"@id\":\"https:\/\/septimocielocordoba.com\/m\/nicol\/#primaryimage\"},\"thumbnailUrl\":\"https:\/\/septimocielocordoba.com\/wp-content\/uploads\/2025\/11\/Nicol-principal.jpg\",\"datePublished\":\"2025-11-22T23:26:50+00:00\",\"dateModified\":\"2026-04-01T13:55:03+00:00\",\"breadcrumb\":{\"@id\":\"https:\/\/septimocielocordoba.com\/m\/nicol\/#breadcrumb\"},\"inLanguage\":\"en-US\",\"potentialAction\":[{\"@type\":\"ReadAction\",\"target\":[\"https:\/\/septimocielocordoba.com\/m\/nicol\/\"]}]},{\"@type\":\"ImageObject\",\"inLanguage\":\"en-US\",\"@id\":\"https:\/\/septimocielocordoba.com\/m\/nicol\/#primaryimage\",\"url\":\"https:\/\/septimocielocordoba.com\/wp-content\/uploads\/2025\/11\/Nicol-principal.jpg\",\"contentUrl\":\"https:\/\/septimocielocordoba.com\/wp-content\/uploads\/2025\/11\/Nicol-principal.jpg\",\"width\":988,\"height\":1400},{\"@type\":\"BreadcrumbList\",\"@id\":\"https:\/\/septimocielocordoba.com\/m\/nicol\/#breadcrumb\",\"itemListElement\":[{\"@type\":\"ListItem\",\"position\":1,\"name\":\"Portada\",\"item\":\"https:\/\/septimocielocordoba.com\/\"},{\"@type\":\"ListItem\",\"position\":2,\"name\":\"S\u00e9ptimo Cielo &#8211; Masajes Er\u00f3ticos en C\u00f3rdoba\",\"item\":\"https:\/\/septimocielocordoba.com\/\"},{\"@type\":\"ListItem\",\"position\":3,\"name\":\"Nicol\"}]},{\"@type\":\"WebSite\",\"@id\":\"https:\/\/septimocielocordoba.com\/#website\",\"url\":\"https:\/\/septimocielocordoba.com\/\",\"name\":\"Septimo Cielo\",\"description\":\"Masajes er\u00f3ticos en C\u00f3rdoba\",\"publisher\":{\"@id\":\"https:\/\/septimocielocordoba.com\/#organization\"},\"potentialAction\":[{\"@type\":\"SearchAction\",\"target\":{\"@type\":\"EntryPoint\",\"urlTemplate\":\"https:\/\/septimocielocordoba.com\/?s={search_term_string}\"},\"query-input\":{\"@type\":\"PropertyValueSpecification\",\"valueRequired\":true,\"valueName\":\"search_term_string\"}}],\"inLanguage\":\"en-US\"},{\"@type\":\"Organization\",\"@id\":\"https:\/\/septimocielocordoba.com\/#organization\",\"name\":\"Septimo Cielo\",\"url\":\"https:\/\/septimocielocordoba.com\/\",\"logo\":{\"@type\":\"ImageObject\",\"inLanguage\":\"en-US\",\"@id\":\"https:\/\/septimocielocordoba.com\/#\/schema\/logo\/image\/\",\"url\":\"https:\/\/septimocielocordoba.com\/wp-content\/uploads\/2025\/03\/7icon.png\",\"contentUrl\":\"https:\/\/septimocielocordoba.com\/wp-content\/uploads\/2025\/03\/7icon.png\",\"width\":300,\"height\":300,\"caption\":\"Septimo Cielo\"},\"image\":{\"@id\":\"https:\/\/septimocielocordoba.com\/#\/schema\/logo\/image\/\"}}]}<\/script>\n<!-- \/ Yoast SEO plugin. -->","yoast_head_json":{"title":"Nicol - Septimo Cielo","robots":{"index":"index","follow":"follow","max-snippet":"max-snippet:-1","max-image-preview":"max-image-preview:large","max-video-preview":"max-video-preview:-1"},"canonical":"https:\/\/septimocielocordoba.com\/en\/m\/nicol\/","og_locale":"en_US","og_type":"article","og_title":"Nicol - Septimo Cielo","og_description":"Nicol llega a S\u00e9ptimo Cielo con una energ\u00eda que enamora desde el primer instante: una mezcla perfecta de alegr\u00eda, sensualidad y cercan\u00eda. Su pecho abundante y precioso, su cuerpo bien proporcionado, y esos ojos grandes y expresivos que brillan cuando sonr\u00ede, convierten cada encuentro con ella en una experiencia irresistible. Rubia, labios carnosos, de 1,65\u2026 [&hellip;]","og_url":"https:\/\/septimocielocordoba.com\/en\/m\/nicol\/","og_site_name":"Septimo Cielo","article_modified_time":"2026-04-01T13:55:03+00:00","og_image":[{"width":988,"height":1400,"url":"https:\/\/septimocielocordoba.com\/wp-content\/uploads\/2025\/11\/Nicol-principal.jpg","type":"image\/jpeg"}],"twitter_card":"summary_large_image","twitter_misc":{"Est. reading time":"1 minute"},"schema":{"@context":"https:\/\/schema.org","@graph":[{"@type":"WebPage","@id":"https:\/\/septimocielocordoba.com\/m\/nicol\/","url":"https:\/\/septimocielocordoba.com\/m\/nicol\/","name":"Nicol - Septimo Cielo","isPartOf":{"@id":"https:\/\/septimocielocordoba.com\/#website"},"primaryImageOfPage":{"@id":"https:\/\/septimocielocordoba.com\/m\/nicol\/#primaryimage"},"image":{"@id":"https:\/\/septimocielocordoba.com\/m\/nicol\/#primaryimage"},"thumbnailUrl":"https:\/\/septimocielocordoba.com\/wp-content\/uploads\/2025\/11\/Nicol-principal.jpg","datePublished":"2025-11-22T23:26:50+00:00","dateModified":"2026-04-01T13:55:03+00:00","breadcrumb":{"@id":"https:\/\/septimocielocordoba.com\/m\/nicol\/#breadcrumb"},"inLanguage":"en-US","potentialAction":[{"@type":"ReadAction","target":["https:\/\/septimocielocordoba.com\/m\/nicol\/"]}]},{"@type":"ImageObject","inLanguage":"en-US","@id":"https:\/\/septimocielocordoba.com\/m\/nicol\/#primaryimage","url":"https:\/\/septimocielocordoba.com\/wp-content\/uploads\/2025\/11\/Nicol-principal.jpg","contentUrl":"https:\/\/septimocielocordoba.com\/wp-content\/uploads\/2025\/11\/Nicol-principal.jpg","width":988,"height":1400},{"@type":"BreadcrumbList","@id":"https:\/\/septimocielocordoba.com\/m\/nicol\/#breadcrumb","itemListElement":[{"@type":"ListItem","position":1,"name":"Portada","item":"https:\/\/septimocielocordoba.com\/"},{"@type":"ListItem","position":2,"name":"S\u00e9ptimo Cielo &#8211; Masajes Er\u00f3ticos en C\u00f3rdoba","item":"https:\/\/septimocielocordoba.com\/"},{"@type":"ListItem","position":3,"name":"Nicol"}]},{"@type":"WebSite","@id":"https:\/\/septimocielocordoba.com\/#website","url":"https:\/\/septimocielocordoba.com\/","name":"Seventh heaven","description":"Erotic massages in C\u00f3rdoba","publisher":{"@id":"https:\/\/septimocielocordoba.com\/#organization"},"potentialAction":[{"@type":"SearchAction","target":{"@type":"EntryPoint","urlTemplate":"https:\/\/septimocielocordoba.com\/?s={search_term_string}"},"query-input":{"@type":"PropertyValueSpecification","valueRequired":true,"valueName":"search_term_string"}}],"inLanguage":"en-US"},{"@type":"Organization","@id":"https:\/\/septimocielocordoba.com\/#organization","name":"Seventh heaven","url":"https:\/\/septimocielocordoba.com\/","logo":{"@type":"ImageObject","inLanguage":"en-US","@id":"https:\/\/septimocielocordoba.com\/#\/schema\/logo\/image\/","url":"https:\/\/septimocielocordoba.com\/wp-content\/uploads\/2025\/03\/7icon.png","contentUrl":"https:\/\/septimocielocordoba.com\/wp-content\/uploads\/2025\/03\/7icon.png","width":300,"height":300,"caption":"Septimo Cielo"},"image":{"@id":"https:\/\/septimocielocordoba.com\/#\/schema\/logo\/image\/"}}]}},"_links":{"self":[{"href":"https:\/\/septimocielocordoba.com\/en\/wp-json\/wp\/v2\/product\/1054","targetHints":{"allow":["GET"]}}],"collection":[{"href":"https:\/\/septimocielocordoba.com\/en\/wp-json\/wp\/v2\/product"}],"about":[{"href":"https:\/\/septimocielocordoba.com\/en\/wp-json\/wp\/v2\/types\/product"}],"replies":[{"embeddable":true,"href":"https:\/\/septimocielocordoba.com\/en\/wp-json\/wp\/v2\/comments?post=1054"}],"version-history":[{"count":1,"href":"https:\/\/septimocielocordoba.com\/en\/wp-json\/wp\/v2\/product\/1054\/revisions"}],"predecessor-version":[{"id":1055,"href":"https:\/\/septimocielocordoba.com\/en\/wp-json\/wp\/v2\/product\/1054\/revisions\/1055"}],"wp:featuredmedia":[{"embeddable":true,"href":"https:\/\/septimocielocordoba.com\/en\/wp-json\/wp\/v2\/media\/1308"}],"wp:attachment":[{"href":"https:\/\/septimocielocordoba.com\/en\/wp-json\/wp\/v2\/media?parent=1054"}],"wp:term":[{"taxonomy":"product_brand","embeddable":true,"href":"https:\/\/septimocielocordoba.com\/en\/wp-json\/wp\/v2\/product_brand?post=1054"},{"taxonomy":"product_cat","embeddable":true,"href":"https:\/\/septimocielocordoba.com\/en\/wp-json\/wp\/v2\/product_cat?post=1054"},{"taxonomy":"product_tag","embeddable":true,"href":"https:\/\/septimocielocordoba.com\/en\/wp-json\/wp\/v2\/product_tag?post=1054"}],"curies":[{"name":"wp","href":"https:\/\/api.w.org\/{rel}","templated":true}]}}