{"id":1038,"date":"2025-11-17T11:55:20","date_gmt":"2025-11-17T10:55:20","guid":{"rendered":"https:\/\/septimocielocordoba.com\/?post_type=product&#038;p=1038"},"modified":"2026-05-12T03:51:47","modified_gmt":"2026-05-12T01:51:47","slug":"aitana","status":"publish","type":"product","link":"https:\/\/septimocielocordoba.com\/en\/m\/aitana\/","title":{"rendered":"Aitana"},"content":{"rendered":"<p>Aitana is pure magnetism.<\/p>\n<p>A slender figure, feminine lines that seem tailor-made, and a tan complexion that invites you to get lost in it. Her clear, luminous eyes contrast with her blonde hair and that mischievous air that betrays her before she even speaks.<\/p>\n<p>She has an energy that bursts forth: cheerful, approachable, vibrant\u2026 and when she smiles at you, everything becomes easier.<\/p>\n<p>Her natural breasts enhance a beautiful, harmonious, and incredibly sensual physique.<\/p>\n<p>Aitana doesn&#039;t enter a room: she turns it on.<\/p>\n<p>And whoever tries it, knows it.<\/p>","protected":false},"excerpt":{"rendered":"<p>Aitana es puro im\u00e1n. Un cuerpo esbelto, l\u00edneas femeninas que parecen dibujadas a medida y una piel canela que invita a perderse. Su mirada clara luminosa contrasta con su melena rubia y ese aire travieso que la delata antes de que hable. Tiene una energ\u00eda que estalla: alegre, cercana, vibrante\u2026 y cuando te sonr\u00ede, todo [&hellip;]<\/p>\n","protected":false},"featured_media":1132,"comment_status":"open","ping_status":"closed","template":"","meta":{"_joinchat":[]},"product_brand":[],"product_cat":[78,83],"product_tag":[],"class_list":{"0":"post-1038","1":"product","2":"type-product","3":"status-publish","4":"has-post-thumbnail","6":"product_cat-chicas","7":"product_cat-novedades","9":"first","10":"instock","11":"virtual","12":"product-type-simple"},"yoast_head":"<!-- This site is optimized with the Yoast SEO plugin v27.5 - https:\/\/yoast.com\/product\/yoast-seo-wordpress\/ -->\n<title>Aitana - Septimo Cielo<\/title>\n<meta name=\"robots\" content=\"index, follow, max-snippet:-1, max-image-preview:large, max-video-preview:-1\" \/>\n<link rel=\"canonical\" href=\"https:\/\/septimocielocordoba.com\/en\/m\/aitana\/\" \/>\n<meta property=\"og:locale\" content=\"en_US\" \/>\n<meta property=\"og:type\" content=\"article\" \/>\n<meta property=\"og:title\" content=\"Aitana - Septimo Cielo\" \/>\n<meta property=\"og:description\" content=\"Aitana es puro im\u00e1n. Un cuerpo esbelto, l\u00edneas femeninas que parecen dibujadas a medida y una piel canela que invita a perderse. Su mirada clara luminosa contrasta con su melena rubia y ese aire travieso que la delata antes de que hable. Tiene una energ\u00eda que estalla: alegre, cercana, vibrante\u2026 y cuando te sonr\u00ede, todo [&hellip;]\" \/>\n<meta property=\"og:url\" content=\"https:\/\/septimocielocordoba.com\/en\/m\/aitana\/\" \/>\n<meta property=\"og:site_name\" content=\"Septimo Cielo\" \/>\n<meta property=\"article:modified_time\" content=\"2026-05-12T01:51:47+00:00\" \/>\n<meta property=\"og:image\" content=\"https:\/\/septimocielocordoba.com\/wp-content\/uploads\/2025\/11\/Aitana-p.jpg\" \/>\n\t<meta property=\"og:image:width\" content=\"1024\" \/>\n\t<meta property=\"og:image:height\" content=\"1536\" \/>\n\t<meta property=\"og:image:type\" content=\"image\/jpeg\" \/>\n<meta name=\"twitter:card\" content=\"summary_large_image\" \/>\n<meta name=\"twitter:label1\" content=\"Est. reading time\" \/>\n\t<meta name=\"twitter:data1\" content=\"1 minute\" \/>\n<script type=\"application\/ld+json\" class=\"yoast-schema-graph\">{\"@context\":\"https:\\\/\\\/schema.org\",\"@graph\":[{\"@type\":\"WebPage\",\"@id\":\"https:\\\/\\\/septimocielocordoba.com\\\/m\\\/aitana\\\/\",\"url\":\"https:\\\/\\\/septimocielocordoba.com\\\/m\\\/aitana\\\/\",\"name\":\"Aitana - Septimo Cielo\",\"isPartOf\":{\"@id\":\"https:\\\/\\\/septimocielocordoba.com\\\/#website\"},\"primaryImageOfPage\":{\"@id\":\"https:\\\/\\\/septimocielocordoba.com\\\/m\\\/aitana\\\/#primaryimage\"},\"image\":{\"@id\":\"https:\\\/\\\/septimocielocordoba.com\\\/m\\\/aitana\\\/#primaryimage\"},\"thumbnailUrl\":\"https:\\\/\\\/septimocielocordoba.com\\\/wp-content\\\/uploads\\\/2025\\\/11\\\/Aitana-p.jpg\",\"datePublished\":\"2025-11-17T10:55:20+00:00\",\"dateModified\":\"2026-05-12T01:51:47+00:00\",\"breadcrumb\":{\"@id\":\"https:\\\/\\\/septimocielocordoba.com\\\/m\\\/aitana\\\/#breadcrumb\"},\"inLanguage\":\"en-US\",\"potentialAction\":[{\"@type\":\"ReadAction\",\"target\":[\"https:\\\/\\\/septimocielocordoba.com\\\/m\\\/aitana\\\/\"]}]},{\"@type\":\"ImageObject\",\"inLanguage\":\"en-US\",\"@id\":\"https:\\\/\\\/septimocielocordoba.com\\\/m\\\/aitana\\\/#primaryimage\",\"url\":\"https:\\\/\\\/septimocielocordoba.com\\\/wp-content\\\/uploads\\\/2025\\\/11\\\/Aitana-p.jpg\",\"contentUrl\":\"https:\\\/\\\/septimocielocordoba.com\\\/wp-content\\\/uploads\\\/2025\\\/11\\\/Aitana-p.jpg\",\"width\":1024,\"height\":1536},{\"@type\":\"BreadcrumbList\",\"@id\":\"https:\\\/\\\/septimocielocordoba.com\\\/m\\\/aitana\\\/#breadcrumb\",\"itemListElement\":[{\"@type\":\"ListItem\",\"position\":1,\"name\":\"Portada\",\"item\":\"https:\\\/\\\/septimocielocordoba.com\\\/\"},{\"@type\":\"ListItem\",\"position\":2,\"name\":\"S\u00e9ptimo Cielo &#8211; Masajes Er\u00f3ticos en C\u00f3rdoba\",\"item\":\"https:\\\/\\\/septimocielocordoba.com\\\/\"},{\"@type\":\"ListItem\",\"position\":3,\"name\":\"Aitana\"}]},{\"@type\":\"WebSite\",\"@id\":\"https:\\\/\\\/septimocielocordoba.com\\\/#website\",\"url\":\"https:\\\/\\\/septimocielocordoba.com\\\/\",\"name\":\"Septimo Cielo\",\"description\":\"Masajes er\u00f3ticos en C\u00f3rdoba\",\"publisher\":{\"@id\":\"https:\\\/\\\/septimocielocordoba.com\\\/#organization\"},\"potentialAction\":[{\"@type\":\"SearchAction\",\"target\":{\"@type\":\"EntryPoint\",\"urlTemplate\":\"https:\\\/\\\/septimocielocordoba.com\\\/?s={search_term_string}\"},\"query-input\":{\"@type\":\"PropertyValueSpecification\",\"valueRequired\":true,\"valueName\":\"search_term_string\"}}],\"inLanguage\":\"en-US\"},{\"@type\":\"Organization\",\"@id\":\"https:\\\/\\\/septimocielocordoba.com\\\/#organization\",\"name\":\"Septimo Cielo\",\"url\":\"https:\\\/\\\/septimocielocordoba.com\\\/\",\"logo\":{\"@type\":\"ImageObject\",\"inLanguage\":\"en-US\",\"@id\":\"https:\\\/\\\/septimocielocordoba.com\\\/#\\\/schema\\\/logo\\\/image\\\/\",\"url\":\"https:\\\/\\\/septimocielocordoba.com\\\/wp-content\\\/uploads\\\/2025\\\/03\\\/7icon.png\",\"contentUrl\":\"https:\\\/\\\/septimocielocordoba.com\\\/wp-content\\\/uploads\\\/2025\\\/03\\\/7icon.png\",\"width\":300,\"height\":300,\"caption\":\"Septimo Cielo\"},\"image\":{\"@id\":\"https:\\\/\\\/septimocielocordoba.com\\\/#\\\/schema\\\/logo\\\/image\\\/\"}}]}<\/script>\n<!-- \/ Yoast SEO plugin. -->","yoast_head_json":{"title":"Aitana - Septimo Cielo","robots":{"index":"index","follow":"follow","max-snippet":"max-snippet:-1","max-image-preview":"max-image-preview:large","max-video-preview":"max-video-preview:-1"},"canonical":"https:\/\/septimocielocordoba.com\/en\/m\/aitana\/","og_locale":"en_US","og_type":"article","og_title":"Aitana - Septimo Cielo","og_description":"Aitana es puro im\u00e1n. Un cuerpo esbelto, l\u00edneas femeninas que parecen dibujadas a medida y una piel canela que invita a perderse. Su mirada clara luminosa contrasta con su melena rubia y ese aire travieso que la delata antes de que hable. Tiene una energ\u00eda que estalla: alegre, cercana, vibrante\u2026 y cuando te sonr\u00ede, todo [&hellip;]","og_url":"https:\/\/septimocielocordoba.com\/en\/m\/aitana\/","og_site_name":"Septimo Cielo","article_modified_time":"2026-05-12T01:51:47+00:00","og_image":[{"width":1024,"height":1536,"url":"https:\/\/septimocielocordoba.com\/wp-content\/uploads\/2025\/11\/Aitana-p.jpg","type":"image\/jpeg"}],"twitter_card":"summary_large_image","twitter_misc":{"Est. reading time":"1 minute"},"schema":{"@context":"https:\/\/schema.org","@graph":[{"@type":"WebPage","@id":"https:\/\/septimocielocordoba.com\/m\/aitana\/","url":"https:\/\/septimocielocordoba.com\/m\/aitana\/","name":"Aitana - Septimo Cielo","isPartOf":{"@id":"https:\/\/septimocielocordoba.com\/#website"},"primaryImageOfPage":{"@id":"https:\/\/septimocielocordoba.com\/m\/aitana\/#primaryimage"},"image":{"@id":"https:\/\/septimocielocordoba.com\/m\/aitana\/#primaryimage"},"thumbnailUrl":"https:\/\/septimocielocordoba.com\/wp-content\/uploads\/2025\/11\/Aitana-p.jpg","datePublished":"2025-11-17T10:55:20+00:00","dateModified":"2026-05-12T01:51:47+00:00","breadcrumb":{"@id":"https:\/\/septimocielocordoba.com\/m\/aitana\/#breadcrumb"},"inLanguage":"en-US","potentialAction":[{"@type":"ReadAction","target":["https:\/\/septimocielocordoba.com\/m\/aitana\/"]}]},{"@type":"ImageObject","inLanguage":"en-US","@id":"https:\/\/septimocielocordoba.com\/m\/aitana\/#primaryimage","url":"https:\/\/septimocielocordoba.com\/wp-content\/uploads\/2025\/11\/Aitana-p.jpg","contentUrl":"https:\/\/septimocielocordoba.com\/wp-content\/uploads\/2025\/11\/Aitana-p.jpg","width":1024,"height":1536},{"@type":"BreadcrumbList","@id":"https:\/\/septimocielocordoba.com\/m\/aitana\/#breadcrumb","itemListElement":[{"@type":"ListItem","position":1,"name":"Portada","item":"https:\/\/septimocielocordoba.com\/"},{"@type":"ListItem","position":2,"name":"S\u00e9ptimo Cielo &#8211; Masajes Er\u00f3ticos en C\u00f3rdoba","item":"https:\/\/septimocielocordoba.com\/"},{"@type":"ListItem","position":3,"name":"Aitana"}]},{"@type":"WebSite","@id":"https:\/\/septimocielocordoba.com\/#website","url":"https:\/\/septimocielocordoba.com\/","name":"Seventh heaven","description":"Erotic massages in C\u00f3rdoba","publisher":{"@id":"https:\/\/septimocielocordoba.com\/#organization"},"potentialAction":[{"@type":"SearchAction","target":{"@type":"EntryPoint","urlTemplate":"https:\/\/septimocielocordoba.com\/?s={search_term_string}"},"query-input":{"@type":"PropertyValueSpecification","valueRequired":true,"valueName":"search_term_string"}}],"inLanguage":"en-US"},{"@type":"Organization","@id":"https:\/\/septimocielocordoba.com\/#organization","name":"Seventh heaven","url":"https:\/\/septimocielocordoba.com\/","logo":{"@type":"ImageObject","inLanguage":"en-US","@id":"https:\/\/septimocielocordoba.com\/#\/schema\/logo\/image\/","url":"https:\/\/septimocielocordoba.com\/wp-content\/uploads\/2025\/03\/7icon.png","contentUrl":"https:\/\/septimocielocordoba.com\/wp-content\/uploads\/2025\/03\/7icon.png","width":300,"height":300,"caption":"Septimo Cielo"},"image":{"@id":"https:\/\/septimocielocordoba.com\/#\/schema\/logo\/image\/"}}]}},"_links":{"self":[{"href":"https:\/\/septimocielocordoba.com\/en\/wp-json\/wp\/v2\/product\/1038","targetHints":{"allow":["GET"]}}],"collection":[{"href":"https:\/\/septimocielocordoba.com\/en\/wp-json\/wp\/v2\/product"}],"about":[{"href":"https:\/\/septimocielocordoba.com\/en\/wp-json\/wp\/v2\/types\/product"}],"replies":[{"embeddable":true,"href":"https:\/\/septimocielocordoba.com\/en\/wp-json\/wp\/v2\/comments?post=1038"}],"version-history":[{"count":1,"href":"https:\/\/septimocielocordoba.com\/en\/wp-json\/wp\/v2\/product\/1038\/revisions"}],"predecessor-version":[{"id":1042,"href":"https:\/\/septimocielocordoba.com\/en\/wp-json\/wp\/v2\/product\/1038\/revisions\/1042"}],"wp:featuredmedia":[{"embeddable":true,"href":"https:\/\/septimocielocordoba.com\/en\/wp-json\/wp\/v2\/media\/1132"}],"wp:attachment":[{"href":"https:\/\/septimocielocordoba.com\/en\/wp-json\/wp\/v2\/media?parent=1038"}],"wp:term":[{"taxonomy":"product_brand","embeddable":true,"href":"https:\/\/septimocielocordoba.com\/en\/wp-json\/wp\/v2\/product_brand?post=1038"},{"taxonomy":"product_cat","embeddable":true,"href":"https:\/\/septimocielocordoba.com\/en\/wp-json\/wp\/v2\/product_cat?post=1038"},{"taxonomy":"product_tag","embeddable":true,"href":"https:\/\/septimocielocordoba.com\/en\/wp-json\/wp\/v2\/product_tag?post=1038"}],"curies":[{"name":"wp","href":"https:\/\/api.w.org\/{rel}","templated":true}]}}